{"id":2,"date":"2020-09-05T01:03:24","date_gmt":"2020-09-05T01:03:24","guid":{"rendered":"https:\/\/xn--bodegasnestareseguizab-n3b.live-website.com\/?page_id=2"},"modified":"2025-12-04T19:39:31","modified_gmt":"2025-12-04T18:39:31","slug":"nuestros-vinedos","status":"publish","type":"page","link":"https:\/\/nestareseguizabal.com\/de\/unsere-weinberge\/","title":{"rendered":"Unsere Weinberge"},"content":{"rendered":"<div class=\"wpb-content-wrapper\"><section class=\"vc_row wpb_row vc_row-fluid liquid-row-shadowbox-69ff3692242b8\"><div class=\"ld-container container\"><div class=\"row ld-row\"><div class=\"wpb_column vc_column_container vc_col-sm-12 liquid-column-69ff36922476a\"><div class=\"vc_column-inner\"><div class=\"wpb_wrapper\"   ><div class=\"wpb_wrapper-inner\"><div class=\"vc_empty_space\"   style=\"height: 200px\"><span class=\"vc_empty_space_inner\"><\/span><\/div><\/div><\/div><\/div><\/div><\/div><\/div><\/section><section class=\"vc_row wpb_row vc_row-fluid vc_custom_1764775955969 liquid-row-shadowbox-69ff369224a98\"><div class=\"ld-container container\"><div class=\"row ld-row\"><div class=\"wpb_column vc_column_container vc_col-sm-6 liquid-column-69ff369224cb5\"><div class=\"vc_column-inner\"><div class=\"wpb_wrapper\"   ><div class=\"wpb_wrapper-inner\">\n\t<div  class=\"wpb_single_image wpb_content_element vc_align_left  liquid_vc_single_image-69ff36922577c\">\n\t\t\n\t\t<figure class=\"wpb_wrapper vc_figure\">\n\t\t\t<div class=\"vc_single_image-wrapper   vc_box_border_grey\"><img decoding=\"async\" width=\"780\" height=\"520\" src=\"https:\/\/nestareseguizabal.com\/wp-content\/uploads\/2020\/09\/DSC_0746-1024x683.jpg\" class=\"vc_single_image-img attachment-large\" alt=\"\" title=\"DSC_0746\" srcset=\"https:\/\/nestareseguizabal.com\/wp-content\/uploads\/2020\/09\/DSC_0746-scaled-1024x683.jpg 1024w, https:\/\/nestareseguizabal.com\/wp-content\/uploads\/2020\/09\/DSC_0746-300x200.jpg 300w, https:\/\/nestareseguizabal.com\/wp-content\/uploads\/2020\/09\/DSC_0746-scaled-1320x880.jpg 1320w, https:\/\/nestareseguizabal.com\/wp-content\/uploads\/2020\/09\/DSC_0746-scaled-1536x1024.jpg 1536w, https:\/\/nestareseguizabal.com\/wp-content\/uploads\/2020\/09\/DSC_0746-scaled-2048x1366.jpg 2048w, https:\/\/nestareseguizabal.com\/wp-content\/uploads\/2020\/09\/DSC_0746-scaled-450x300.jpg 450w, https:\/\/nestareseguizabal.com\/wp-content\/uploads\/2020\/09\/DSC_0746-scaled-600x400.jpg 600w, https:\/\/nestareseguizabal.com\/wp-content\/uploads\/2020\/09\/DSC_0746-scaled-18x12.jpg 18w\" sizes=\"(max-width: 780px) 100vw, 780px\" \/><\/div>\n\t\t<\/figure>\n\t<\/div>\n<div id=\"ld_images_group_container_69ff36922588d\" class=\"liquid-img-group-container ld_images_group_container_69ff36922588d\"  >\n\t<div class=\"liquid-img-group-inner\">\n\t\t\t\n\t<\/div><!-- \/.liquid-img-group-inner -->\n<\/div><!-- \/.liquid-img-group-container --><\/div><\/div><\/div><\/div><div class=\"wpb_column vc_column_container vc_col-sm-6 liquid-column-69ff369225b04\"><div class=\"vc_column-inner\"><div class=\"wpb_wrapper\"   ><div class=\"wpb_wrapper-inner\"><header class=\"fancy-title ld_section_title_69ff369225c55\">\n\t<h2 class=\"lined\">WEINGARTEN <i class=\"line\"><\/i><\/h2>\t\t<\/header>\n\t<div class=\"wpb_text_column wpb_content_element\" >\n\t\t<div class=\"wpb_wrapper\">\n\t\t\t<p><em>Von Anfang an haben wir uns vor allem als Winzer gef\u00fchlt. Bei unserer Arbeit in den Weinbergen haben wir immer danach gestrebt, die besten Fr\u00fcchte zu erhalten, die gr\u00f6\u00dfte Belohnung: hochwertige Trauben, die unsere sp\u00e4tere Arbeit in der Weinkellerei unterst\u00fctzen w\u00fcrden. Der Respekt f\u00fcr unsere Umwelt, f\u00fcr unsere Natur, war von Anfang an ein vorrangiges Ziel und eine unabdingbare Berufung. Aus diesem Grund haben wir die Verwendung von ausschlie\u00dflich nat\u00fcrlichen und organischen D\u00fcngemitteln auf ein Minimum reduziert, auf Herbizide verzichtet und auf umweltfreundliche, dem \u00f6kologischen Landbau angepasste Pflanzenschutzmittel zur\u00fcckgegriffen.<\/em><section class=\"vc_row wpb_row vc_row-fluid liquid-row-shadowbox-69ff369225f9e\"><div class=\"ld-container container\"><div class=\"row ld-row\"><\/div><\/div><\/section><div class=\"wpb_column vc_column_container vc_col-sm-12 liquid-column-69ff369226116\"><div class=\"vc_column-inner\"><div class=\"wpb_wrapper\"   ><div class=\"wpb_wrapper-inner\"><\/div><\/div><\/div><\/div>\n\t<div class=\"wpb_text_column wpb_content_element\" >\n\t\t<div class=\"wpb_wrapper\">\n\t\t\t\n\t\t<\/div>\n\t<\/div>\n\n\t\t<\/div>\n\t<\/div>\n<\/div><\/div><\/div><\/div><\/div><\/div><\/section><section class=\"vc_row wpb_row vc_row-fluid liquid-row-shadowbox-69ff36922632c\"><div class=\"ld-container container\"><div class=\"row ld-row\"><div class=\"wpb_column vc_column_container vc_col-sm-12 liquid-column-69ff369226506\"><div class=\"vc_column-inner\"><div class=\"wpb_wrapper\"   ><div class=\"wpb_wrapper-inner\"><section class=\"vc_cta3-container\"><div class=\"vc_general vc_do_cta3 vc_cta3 vc_cta3-style-classic vc_cta3-shape-rounded vc_cta3-align-left vc_cta3-color-classic vc_cta3-icon-size-md\"><div class=\"vc_cta3_content-container\"><div class=\"vc_cta3-content\"><header class=\"vc_cta3-content-header\"><\/header><p>Der Enthusiasmus und die Zuneigung, mit denen wir vor f\u00fcnfundzwanzig Jahren begonnen haben, sind nicht nur erhalten geblieben, sondern auch gewachsen und haben sich in unseren Weinen konkretisiert.<\/p>\n<\/div><\/div><\/div><\/section><\/div><\/div><\/div><\/div><\/div><\/div><\/section><section class=\"vc_row wpb_row vc_row-fluid liquid-row-shadowbox-69ff3692268b3\"><div class=\"ld-container container\"><div class=\"row ld-row\"><div class=\"wpb_column vc_column_container vc_col-sm-12 liquid-column-69ff369226a31\"><div class=\"vc_column-inner\"><div class=\"wpb_wrapper\"   ><div class=\"wpb_wrapper-inner\"><div class=\"vc_empty_space\"   style=\"height: 32px\"><span class=\"vc_empty_space_inner\"><\/span><\/div><\/div><\/div><\/div><\/div><\/div><\/div><\/section><section class=\"vc_row wpb_row vc_row-fluid vc_custom_1764775972106 liquid-row-shadowbox-69ff369226c38\"><div class=\"ld-container container\"><div class=\"row ld-row\"><div class=\"wpb_column vc_column_container vc_col-sm-12 liquid-column-69ff369226e5f\"><div class=\"vc_column-inner\"><div class=\"wpb_wrapper\"   ><div class=\"wpb_wrapper-inner\"><header class=\"fancy-title ld_section_title_69ff369226f40\">\n\t<h2 class=\"lined\">Unsere Weinberge <i class=\"line\"><\/i><\/h2>\t\t<\/header><div class=\"vc_tta-container\" data-vc-action=\"collapse\"><div class=\"vc_general vc_tta vc_tta-tabs vc_tta-color-white vc_tta-style-modern vc_tta-shape-square vc_tta-spacing-1 vc_tta-tabs-position-top vc_tta-controls-align-left\"><div class=\"vc_tta-tabs-container\"><ul class=\"vc_tta-tabs-list\" role=\"tablist\"><li class=\"vc_tta-tab vc_active\" data-vc-tab role=\"presentation\"><a href=\"#1764873430723-32db79ad-f1a0\" data-vc-tabs data-vc-container=\".vc_tta\" role=\"tab\" aria-selected=\"false\" id=\"tab-1764873430723-32db79ad-f1a0\"><span class=\"vc_tta-title-text\">El Olivar<\/span><\/a><\/li><li class=\"vc_tta-tab\" data-vc-tab role=\"presentation\"><a href=\"#1764873445180-69397a06-d76f\" data-vc-tabs data-vc-container=\".vc_tta\" role=\"tab\" aria-selected=\"false\" id=\"tab-1764873445180-69397a06-d76f\"><span class=\"vc_tta-title-text\">Das Kreuz<\/span><\/a><\/li><li class=\"vc_tta-tab\" data-vc-tab role=\"presentation\"><a href=\"#1764873446098-3dccd0b2-157c\" data-vc-tabs data-vc-container=\".vc_tta\" role=\"tab\" aria-selected=\"false\" id=\"tab-1764873446098-3dccd0b2-157c\"><span class=\"vc_tta-title-text\">Las Llecas de Campana<\/span><\/a><\/li><li class=\"vc_tta-tab\" data-vc-tab role=\"presentation\"><a href=\"#1764873524574-2e0a68d5-f5a3\" data-vc-tabs data-vc-container=\".vc_tta\" role=\"tab\" aria-selected=\"false\" id=\"tab-1764873524574-2e0a68d5-f5a3\"><span class=\"vc_tta-title-text\">Die neue<\/span><\/a><\/li><li class=\"vc_tta-tab\" data-vc-tab role=\"presentation\"><a href=\"#1764873537633-18eba047-ac60\" data-vc-tabs data-vc-container=\".vc_tta\" role=\"tab\" aria-selected=\"false\" id=\"tab-1764873537633-18eba047-ac60\"><span class=\"vc_tta-title-text\">Franorias<\/span><\/a><\/li><li class=\"vc_tta-tab\" data-vc-tab role=\"presentation\"><a href=\"#1764873551067-e92813a1-2747\" data-vc-tabs data-vc-container=\".vc_tta\" role=\"tab\" aria-selected=\"false\" id=\"tab-1764873551067-e92813a1-2747\"><span class=\"vc_tta-title-text\">Der Schuhmacher<\/span><\/a><\/li><\/ul><\/div><div class=\"vc_tta-panels-container\"><div class=\"vc_tta-panels\"><div class=\"vc_tta-panel vc_active\" id=\"1764873430723-32db79ad-f1a0\" data-vc-content=\".vc_tta-panel-body\"><div class=\"vc_tta-panel-heading\"><h4 class=\"vc_tta-panel-title\"><a href=\"#1764873430723-32db79ad-f1a0\" data-vc-accordion data-vc-container=\".vc_tta-container\"><span class=\"vc_tta-title-text\">El Olivar<\/span><\/a><\/h4><\/div><div class=\"vc_tta-panel-body\">\n\t<div class=\"wpb_text_column wpb_content_element\" >\n\t\t<div class=\"wpb_wrapper\">\n\t\t\t<p><em><u>DER OLIVENBAUM-HAIN<\/u><\/em><em>Jahr der Anpflanzung: 2013. H\u00f6henlage: 570 m. Rebsorte: Sauvignon Blanc und Chardonnay. Fl\u00e4che: 3,00 ha. Durchschnittlicher Ertrag: 7000 kg\/ha. Erziehung: Trockener Anbau \/ Spalier. Boden: Schotter auf Lehm-Kalk-Matrix.<\/em><\/p>\n<p>Bemerkungen: Selektion ertragsarmer Klone auf tiefgr\u00fcndigen, gut durchl\u00e4ssigen B\u00f6den.<section class=\"vc_row wpb_row vc_row-fluid liquid-row-shadowbox-69ff369227583\"><div class=\"ld-container container\"><div class=\"row ld-row\"><\/div><\/div><\/section><div class=\"wpb_column vc_column_container vc_col-sm-12 liquid-column-69ff3692276da\"><div class=\"vc_column-inner\"><div class=\"wpb_wrapper\"   ><div class=\"wpb_wrapper-inner\"><\/div><\/div><\/div><\/div>\n\t<div class=\"wpb_text_column wpb_content_element\" >\n\t\t<div class=\"wpb_wrapper\">\n\t\t\t\n\t\t<\/div>\n\t<\/div>\n\n\t\t<\/div>\n\t<\/div>\n<\/div><\/div><div class=\"vc_tta-panel\" id=\"1764873445180-69397a06-d76f\" data-vc-content=\".vc_tta-panel-body\"><div class=\"vc_tta-panel-heading\"><h4 class=\"vc_tta-panel-title\"><a href=\"#1764873445180-69397a06-d76f\" data-vc-accordion data-vc-container=\".vc_tta-container\"><span class=\"vc_tta-title-text\">Das Kreuz<\/span><\/a><\/h4><\/div><div class=\"vc_tta-panel-body\">\n\t<div class=\"wpb_text_column wpb_content_element\" >\n\t\t<div class=\"wpb_wrapper\">\n\t\t\t<p><em><u>LA CRUZ<\/u>Jahr der Anpflanzung: 1986. H\u00f6henlage: 600 m. Rebsorte: Tempranillo. Fl\u00e4che: 7,00 ha. Durchschnittlicher Ertrag: 6500 kg\/ha. Erziehungsform: Trockener Anbau \/ Spalier. Boden: lehmig\/kalkhaltig.<\/em><\/p>\n<p><em>Anmerkungen: Weinberg mit Massenselektion und perfekter Ausrichtung. Sehr regelm\u00e4\u00dfige und qualitativ hochwertige Ernten.<\/em><\/p>\n\n\t\t<\/div>\n\t<\/div>\n<\/div><\/div><div class=\"vc_tta-panel\" id=\"1764873446098-3dccd0b2-157c\" data-vc-content=\".vc_tta-panel-body\"><div class=\"vc_tta-panel-heading\"><h4 class=\"vc_tta-panel-title\"><a href=\"#1764873446098-3dccd0b2-157c\" data-vc-accordion data-vc-container=\".vc_tta-container\"><span class=\"vc_tta-title-text\">Las Llecas de Campana<\/span><\/a><\/h4><\/div><div class=\"vc_tta-panel-body\">\n\t<div class=\"wpb_text_column wpb_content_element\" >\n\t\t<div class=\"wpb_wrapper\">\n\t\t\t<p><em><u>DIE GLOCKENF\u00d6RMIGEN FELSEN<\/u>Jahr der Anpflanzung: 1988. H\u00f6henlage: 620 m. Rebsorte: Tempranillo. Anbaufl\u00e4che: 7,50 ha. Durchschnittlicher Ertrag: 6500 kg\/ha. Erziehung: Trockener Anbau \/ Spalier. Boden: Unebene, lehmig-tonige Bereiche, der Rest ist kiesig und sandig.<\/em><\/p>\n<p><em>Bemerkungen: Der Name kommt aus, bis das Auftreten von Traktoren, in den 60er Jahren, diese L\u00e4nder waren \u00d6dland, \u201cllecas\u201d. Weinberg masal Auswahl, flachen Boden mit einer Menge von Kieselsteinen.<\/em><\/p>\n\n\t\t<\/div>\n\t<\/div>\n<\/div><\/div><div class=\"vc_tta-panel\" id=\"1764873524574-2e0a68d5-f5a3\" data-vc-content=\".vc_tta-panel-body\"><div class=\"vc_tta-panel-heading\"><h4 class=\"vc_tta-panel-title\"><a href=\"#1764873524574-2e0a68d5-f5a3\" data-vc-accordion data-vc-container=\".vc_tta-container\"><span class=\"vc_tta-title-text\">Die neue<\/span><\/a><\/h4><\/div><div class=\"vc_tta-panel-body\">\n\t<div class=\"wpb_text_column wpb_content_element\" >\n\t\t<div class=\"wpb_wrapper\">\n\t\t\t<p><em><u>DAS NEUE<\/u>Jahr der Anpflanzung: 1989. H\u00f6henlage: 640 m. Rebsorte: Tempranillo. Fl\u00e4che: 7,50 ha. Durchschnittlicher Ertrag: 6000 kg\/ha. Erziehungsform: Trockener Anbau \/ Spalier. Boden: lehmig\/kalkhaltig.<\/em><\/p>\n<p><em>Beobachtungen: Weinberg mit geringer Produktion und Massenselektion. Flacher, zerkl\u00fcfteter und steiniger Boden.<\/em>.<\/p>\n\n\t\t<\/div>\n\t<\/div>\n<\/div><\/div><div class=\"vc_tta-panel\" id=\"1764873537633-18eba047-ac60\" data-vc-content=\".vc_tta-panel-body\"><div class=\"vc_tta-panel-heading\"><h4 class=\"vc_tta-panel-title\"><a href=\"#1764873537633-18eba047-ac60\" data-vc-accordion data-vc-container=\".vc_tta-container\"><span class=\"vc_tta-title-text\">Franorias<\/span><\/a><\/h4><\/div><div class=\"vc_tta-panel-body\">\n\t<div class=\"wpb_text_column wpb_content_element\" >\n\t\t<div class=\"wpb_wrapper\">\n\t\t\t<p><em><u>FRANORIAS<\/u>Anpflanzungsjahr: 2018, H\u00f6henlage: 530m, Sorte: Tempranillo, Fl\u00e4che: 6,5 ha, Durchschnittsertrag: 4500 kg\/ha, Erziehung: Trockenerziehung. Boden: Lehm-Lehm <\/em><\/p>\n<p><em>Beobachtungen: Es handelt sich um ein Talende mit hohem Mineralgehalt, was zu Weinen mit guter S\u00e4ure und Konzentration f\u00fchrt.<\/em><section class=\"vc_row wpb_row vc_row-fluid liquid-row-shadowbox-69ff369227f67\"><div class=\"ld-container container\"><div class=\"row ld-row\"><\/div><\/div><\/section><div class=\"wpb_column vc_column_container vc_col-sm-12 liquid-column-69ff3692280c5\"><div class=\"vc_column-inner\"><div class=\"wpb_wrapper\"   ><div class=\"wpb_wrapper-inner\"><\/div><\/div><\/div><\/div>\n\t<div class=\"wpb_text_column wpb_content_element\" >\n\t\t<div class=\"wpb_wrapper\">\n\t\t\t\n\t\t<\/div>\n\t<\/div>\n\n\t\t<\/div>\n\t<\/div>\n<\/div><\/div><div class=\"vc_tta-panel\" id=\"1764873551067-e92813a1-2747\" data-vc-content=\".vc_tta-panel-body\"><div class=\"vc_tta-panel-heading\"><h4 class=\"vc_tta-panel-title\"><a href=\"#1764873551067-e92813a1-2747\" data-vc-accordion data-vc-container=\".vc_tta-container\"><span class=\"vc_tta-title-text\">Der Schuhmacher<\/span><\/a><\/h4><\/div><div class=\"vc_tta-panel-body\">\n\t<div class=\"wpb_text_column wpb_content_element\" >\n\t\t<div class=\"wpb_wrapper\">\n\t\t\t<p><em><u>LA ZAPATERA<\/u>Jahr der Anpflanzung: 1983. H\u00f6henlage: 530 m. Rebsorte: Tempranillo. Fl\u00e4che: 4,00 ha. Durchschnittlicher Ertrag: 4500 kg\/ha. Erziehungsform: Trockener Anbau \/ Spalier. Boden: lehmig.<\/em><\/p>\n<p><em>Anmerkungen: Ausgew\u00e4hlter Weinberg von Massal auf besonders armen B\u00f6den. Seine kurzen Ernten erm\u00f6glichen es uns, Trauben von au\u00dfergew\u00f6hnlicher Qualit\u00e4t zu erhalten.<\/em><\/p>\n<style>.tb_button {padding:1px;cursor:pointer;border-right: 1px solid #8b8b8b;border-left: 1px solid #FFF;border-bottom: 1px solid #fff;}.tb_button.hover {borer:2px outset #def; background-color: #f8f8f8 !important;}.ws_toolbar {z-index:100000} .ws_toolbar .ws_tb_btn {cursor:pointer;border:1px solid #555;padding:3px}   .tb_highlight{background-color:yellow} .tb_hide {visibility:hidden} .ws_toolbar img {padding:2px;margin:0px}<\/style>\n\n\t\t<\/div>\n\t<\/div>\n<\/div><\/div><\/div><\/div><\/div><\/div><\/div><\/div><\/div><\/div><\/div><\/div><\/section><section class=\"vc_row wpb_row vc_row-fluid liquid-row-shadowbox-69ff3692285a1\"><div class=\"ld-container container\"><div class=\"row ld-row\"><div class=\"wpb_column vc_column_container vc_col-sm-12 liquid-column-69ff369228790\"><div class=\"vc_column-inner\"><div class=\"wpb_wrapper\"   ><div class=\"wpb_wrapper-inner\"><div class=\"vc_separator wpb_content_element vc_separator_align_center vc_sep_width_100 vc_sep_pos_align_center vc_separator_no_text wpb_content_element  wpb_content_element\" ><span class=\"vc_sep_holder vc_sep_holder_l\"><span class=\"vc_sep_line\"><\/span><\/span><span class=\"vc_sep_holder vc_sep_holder_r\"><span class=\"vc_sep_line\"><\/span><\/span>\n<\/div><\/div><\/div><\/div><\/div><\/div><\/div><\/section><section class=\"vc_row wpb_row vc_row-fluid liquid-row-shadowbox-69ff369228b30\"><div class=\"ld-container container\"><div class=\"row ld-row\"><div class=\"wpb_column vc_column_container vc_col-sm-12 liquid-column-69ff369228d06\"><div class=\"vc_column-inner\"><div class=\"wpb_wrapper\"   ><div class=\"wpb_wrapper-inner\">\n\t<div  class=\"wpb_single_image wpb_content_element vc_align_center  liquid_vc_single_image-69ff3692295fe\">\n\t\t\n\t\t<figure class=\"wpb_wrapper vc_figure\">\n\t\t\t<div class=\"vc_single_image-wrapper   vc_box_border_grey\"><img decoding=\"async\" width=\"32\" height=\"32\" src=\"https:\/\/nestareseguizabal.com\/wp-content\/uploads\/2020\/09\/fav-cursor1.png\" class=\"vc_single_image-img attachment-thumbnail\" alt=\"\" title=\"Fav-Cursor1\" srcset=\"https:\/\/nestareseguizabal.com\/wp-content\/uploads\/2020\/09\/fav-cursor1.png 32w, https:\/\/nestareseguizabal.com\/wp-content\/uploads\/2020\/09\/fav-cursor1-12x12.png 12w\" sizes=\"(max-width: 32px) 100vw, 32px\" \/><\/div>\n\t\t<\/figure>\n\t<\/div>\n<\/div><\/div><\/div><\/div><\/div><\/div><\/section><section class=\"vc_row wpb_row vc_row-fluid liquid-row-shadowbox-69ff369229770\"><div class=\"ld-container container\"><div class=\"row ld-row\"><div class=\"wpb_column vc_column_container vc_col-sm-12 liquid-column-69ff369229992\"><div class=\"vc_column-inner\"><div class=\"wpb_wrapper\"   ><div class=\"wpb_wrapper-inner\">\n\t<div class=\"wpb_text_column wpb_content_element\" >\n\t\t<div class=\"wpb_wrapper\">\n\t\t\t\n\t\t<\/div>\n\t<\/div>\n<\/div><\/div><\/div><\/div><\/div><\/div><\/section><section class=\"vc_row wpb_row vc_row-fluid liquid-row-shadowbox-69ff369229bd3\"><div class=\"ld-container container\"><div class=\"row ld-row\"><div class=\"wpb_column vc_column_container vc_col-sm-12 liquid-column-69ff369229d53\"><div class=\"vc_column-inner\"><div class=\"wpb_wrapper\"   ><div class=\"wpb_wrapper-inner\">\n\t<div class=\"wpb_text_column wpb_content_element\" >\n\t\t<div class=\"wpb_wrapper\">\n\t\t\t<p>\u00a0<\/p>\n\n\t\t<\/div>\n\t<\/div>\n<\/div><\/div><\/div><\/div><\/div><\/div><\/section>\n<\/div>","protected":false},"excerpt":{"rendered":"WEINBERG Von Anfang an haben wir uns in erster Linie als Winzer gef\u00fchlt. Bei unserer Arbeit in den...","protected":false},"author":1,"featured_media":0,"parent":0,"menu_order":0,"comment_status":"closed","ping_status":"open","template":"","meta":{"footnotes":""},"class_list":["post-2","page","type-page","status-publish","hentry"],"_links":{"self":[{"href":"https:\/\/nestareseguizabal.com\/de\/wp-json\/wp\/v2\/pages\/2","targetHints":{"allow":["GET"]}}],"collection":[{"href":"https:\/\/nestareseguizabal.com\/de\/wp-json\/wp\/v2\/pages"}],"about":[{"href":"https:\/\/nestareseguizabal.com\/de\/wp-json\/wp\/v2\/types\/page"}],"author":[{"embeddable":true,"href":"https:\/\/nestareseguizabal.com\/de\/wp-json\/wp\/v2\/users\/1"}],"replies":[{"embeddable":true,"href":"https:\/\/nestareseguizabal.com\/de\/wp-json\/wp\/v2\/comments?post=2"}],"version-history":[{"count":31,"href":"https:\/\/nestareseguizabal.com\/de\/wp-json\/wp\/v2\/pages\/2\/revisions"}],"predecessor-version":[{"id":5552,"href":"https:\/\/nestareseguizabal.com\/de\/wp-json\/wp\/v2\/pages\/2\/revisions\/5552"}],"wp:attachment":[{"href":"https:\/\/nestareseguizabal.com\/de\/wp-json\/wp\/v2\/media?parent=2"}],"curies":[{"name":"wp","href":"https:\/\/api.w.org\/{rel}","templated":true}]}}