{"id":4174,"date":"2020-09-28T01:19:16","date_gmt":"2020-09-28T01:19:16","guid":{"rendered":"https:\/\/nestareseguizabal.com\/aviso-legal"},"modified":"2025-12-02T13:05:09","modified_gmt":"2025-12-02T12:05:09","slug":"aviso-legal","status":"publish","type":"page","link":"https:\/\/nestareseguizabal.com\/de\/rechtshinweis\/","title":{"rendered":"Rechtlicher Hinweis"},"content":{"rendered":"<div class=\"wpb-content-wrapper\"><section class=\"vc_row wpb_row vc_row-fluid liquid-row-shadowbox-6a06f2d153441\"><div class=\"ld-container container\"><div class=\"row ld-row\"><div class=\"wpb_column vc_column_container vc_col-sm-12 liquid-column-6a06f2d1539f1\"><div class=\"vc_column-inner\"><div class=\"wpb_wrapper\"   ><div class=\"wpb_wrapper-inner\">\n\t<div class=\"wpb_text_column wpb_content_element\" >\n\t\t<div class=\"wpb_wrapper\">\n\t\t\t<p>Sie befinden sich auf einer Website, die sich f\u00fcr die Rechte ihrer Nutzer einsetzt. Aus diesem Grund erhalten Sie maximale Transparenz und Genauigkeit in Bezug auf alles, was Sie \u00fcber diese Website wissen m\u00fcssen.<\/p>\n<p>Diese Website entspricht strikt dem spanischen Gesetz 3\/2018 vom 5. Dezember \u00fcber den Schutz personenbezogener Daten und die Gew\u00e4hrleistung digitaler Rechte (LOPDGDD). Sie entspricht au\u00dferdem der Verordnung (EU) 2016\/679 des Europ\u00e4ischen Parlaments und des Rates vom 27. April 2016 zum Schutz nat\u00fcrlicher Personen (DSGVO) sowie dem Gesetz 34\/2002 vom 11. Juli \u00fcber Dienste der Informationsgesellschaft und den elektronischen Gesch\u00e4ftsverkehr (LSSICE oder LSSI).<\/p>\n<p>Die Dienstleistungen und\/oder Produkte stehen nur juristischen Personen und Personen \u00fcber 16 Jahren zur Verf\u00fcgung.<\/p>\n\n\t\t<\/div>\n\t<\/div>\n<\/div><\/div><\/div><\/div><\/div><\/div><\/section><section class=\"vc_row wpb_row vc_row-fluid liquid-row-shadowbox-6a06f2d153d91\"><div class=\"ld-container container\"><div class=\"row ld-row\"><div class=\"wpb_column vc_column_container vc_col-sm-12 liquid-column-6a06f2d153f86\"><div class=\"vc_column-inner\"><div class=\"wpb_wrapper vc_custom_1764676959648\"   ><div class=\"wpb_wrapper-inner\"><style>.ld_fancy_heading_6a06f2d15410d h2 {margin-bottom:0px !important;  } .ld_fancy_heading_6a06f2d15410d .lqd-highlight-inner{height:0.275em;bottom:0px;}.ld_fancy_heading_6a06f2d15410d h2 {margin-bottom:0px !important;  } <\/style><div class=\"ld-fancy-heading text-uppercase ld_fancy_heading_6a06f2d15410d\">\n\t<h2 class=\"lqd-highlight-underline lqd-highlight-grow-left\" data-fittext=\"true\" data-fittext-options='{\"compressor\":0.5,\"maxFontSize\":\"currentFontSize\",\"minFontSize\":\"\"}'><span class=\"ld-fh-txt\"> IDENTIFIKATION DES VERANTWORTLICHEN F\u00dcR DIE WEBSITE<\/span><\/h2><\/div>\n\t<div class=\"wpb_text_column wpb_content_element\" >\n\t\t<div class=\"wpb_wrapper\">\n\t\t\t<ul>\n<li><strong>Firmenname<\/strong>: BODEGAS NESTARES EGUIZABAL S.L.<\/li>\n<li><strong>Umsatzsteuer-Identifikationsnummer\/Steuernummer<\/strong>: B26278721<\/li>\n<li><strong>E-Mail Adresse<\/strong>: boedegas@nestareseguizabal.com<\/li>\n<li><strong>Firmensitz<\/strong>: Calle Alberto Villanueva, 82-84, 26144 Galilea, La Rioja.<\/li>\n<li><strong>Handelsregisternummer:\u00a0<\/strong>Eingetragen am \u2026<\/li>\n<\/ul>\n\n\t\t<\/div>\n\t<\/div>\n<\/div><\/div><\/div><\/div><\/div><\/div><\/section><section class=\"vc_row wpb_row vc_row-fluid liquid-row-shadowbox-6a06f2d1544cf\"><div class=\"ld-container container\"><div class=\"row ld-row\"><div class=\"wpb_column vc_column_container vc_col-sm-12 liquid-column-6a06f2d154675\"><div class=\"vc_column-inner\"><div class=\"wpb_wrapper vc_custom_1764676969848\"   ><div class=\"wpb_wrapper-inner\"><style>.ld_fancy_heading_6a06f2d15475e h2 {margin-bottom:0px !important;  } .ld_fancy_heading_6a06f2d15475e .lqd-highlight-inner{height:0.275em;bottom:0px;}.ld_fancy_heading_6a06f2d15475e h2 {margin-bottom:0px !important;  } <\/style><div class=\"ld-fancy-heading text-uppercase ld_fancy_heading_6a06f2d15475e\">\n\t<h2 class=\"lqd-highlight-underline lqd-highlight-grow-left\" data-fittext=\"true\" data-fittext-options='{\"compressor\":0.5,\"maxFontSize\":\"currentFontSize\",\"minFontSize\":\"\"}'><span class=\"ld-fh-txt\"> SIND SIE UM IHRE PERSONENBEZOGENEN DATEN BESORGT?<\/span><\/h2><\/div>\n\t<div class=\"wpb_text_column wpb_content_element\" >\n\t\t<div class=\"wpb_wrapper\">\n\t\t\t<ul>\n<li>Lesen Sie unsere\u00a0<a href=\"https:\/\/nestareseguizabal.com\/de\/privacy-policy\/\">Datenschutzbestimmungen<\/a><\/li>\n<\/ul>\n\n\t\t<\/div>\n\t<\/div>\n<\/div><\/div><\/div><\/div><\/div><\/div><\/section><section class=\"vc_row wpb_row vc_row-fluid liquid-row-shadowbox-6a06f2d154a3d\"><div class=\"ld-container container\"><div class=\"row ld-row\"><div class=\"wpb_column vc_column_container vc_col-sm-12 liquid-column-6a06f2d154bcb\"><div class=\"vc_column-inner\"><div class=\"wpb_wrapper vc_custom_1764676980392\"   ><div class=\"wpb_wrapper-inner\"><style>.ld_fancy_heading_6a06f2d154cc5 h2 {margin-bottom:0px !important;  } .ld_fancy_heading_6a06f2d154cc5 .lqd-highlight-inner{height:0.275em;bottom:0px;}.ld_fancy_heading_6a06f2d154cc5 h2 {margin-bottom:0px !important;  } <\/style><div class=\"ld-fancy-heading text-uppercase ld_fancy_heading_6a06f2d154cc5\">\n\t<h2 class=\"lqd-highlight-underline lqd-highlight-grow-left\" data-fittext=\"true\" data-fittext-options='{\"compressor\":0.5,\"maxFontSize\":\"currentFontSize\",\"minFontSize\":\"\"}'><span class=\"ld-fh-txt\"> VERPFLICHTUNGEN UND VERPFLICHTUNGEN GEGEN\u00dcBER DEN NUTZERN<\/span><\/h2><\/div>\n\t<div class=\"wpb_text_column wpb_content_element\" >\n\t\t<div class=\"wpb_wrapper\">\n\t\t\t<p>Der Nutzer wird dar\u00fcber informiert und akzeptiert, dass der Zugriff auf diese Website in keiner Weise den Beginn einer Gesch\u00e4ftsbeziehung mit BODEGAS NESTARES EGUIZABAL bedeutet. Der Nutzer verpflichtet sich daher, die Website, ihre Dienste und Inhalte zu nutzen, ohne gegen geltendes Recht, Treu und Glauben und die \u00f6ffentliche Ordnung zu versto\u00dfen.<\/p>\n<p>Die Nutzung der Website f\u00fcr illegale oder sch\u00e4dliche Zwecke oder f\u00fcr Zwecke, die in irgendeiner Weise Schaden verursachen oder den normalen Betrieb der Website beeintr\u00e4chtigen k\u00f6nnten, ist untersagt. In Bezug auf die Inhalte dieser Website ist Folgendes untersagt:<\/p>\n<ul>\n<li>Die Vervielf\u00e4ltigung, Verbreitung oder \u00c4nderung, ganz oder teilweise, ist ohne meine Genehmigung als rechtm\u00e4\u00dfiger Eigent\u00fcmer nicht gestattet.<\/li>\n<li>Jede Verletzung der Rechte des Anbieters oder meiner Rechte als rechtm\u00e4\u00dfiger Eigent\u00fcmer.<\/li>\n<li>Die Verwendung f\u00fcr kommerzielle oder Werbezwecke.<\/li>\n<\/ul>\n<p>Bei der Nutzung der Website nestareseguizabal.com verpflichtet sich der Nutzer, keine Handlungen vorzunehmen, die das Image, die Interessen und Rechte von BODEGAS NESTARES EGUIZABAL oder Dritten sch\u00e4digen k\u00f6nnten oder die das Portal nestareseguizabal.com besch\u00e4digen, unbrauchbar machen oder \u00fcberlasten oder in irgendeiner Weise die normale Nutzung der Website verhindern k\u00f6nnten.<\/p>\n<p>Der Nutzer muss sich jedoch bewusst sein, dass die Sicherheitsma\u00dfnahmen von Computersystemen im Internet nicht vollst\u00e4ndig zuverl\u00e4ssig sind und dass nestareseguizabal.com daher nicht garantieren kann, dass keine Malware oder andere Elemente vorhanden sind, die St\u00f6rungen in den Computersystemen (Software und Hardware) des Nutzers oder in seinen elektronischen Dokumenten und Dateien, die darin enthalten sind, verursachen k\u00f6nnen, obwohl ich alle notwendigen Mittel und geeigneten Sicherheitsma\u00dfnahmen einsetze, um das Vorhandensein dieser sch\u00e4dlichen Elemente zu verhindern.<\/p>\n\n\t\t<\/div>\n\t<\/div>\n<\/div><\/div><\/div><\/div><\/div><\/div><\/section><section class=\"vc_row wpb_row vc_row-fluid liquid-row-shadowbox-6a06f2d154f9e\"><div class=\"ld-container container\"><div class=\"row ld-row\"><div class=\"wpb_column vc_column_container vc_col-sm-12 liquid-column-6a06f2d1550fc\"><div class=\"vc_column-inner\"><div class=\"wpb_wrapper vc_custom_1764677068336\"   ><div class=\"wpb_wrapper-inner\"><style>.ld_fancy_heading_6a06f2d1551d6 h2 {margin-bottom:0px !important;  } .ld_fancy_heading_6a06f2d1551d6 .lqd-highlight-inner{height:0.275em;bottom:0px;}.ld_fancy_heading_6a06f2d1551d6 h2 {margin-bottom:0px !important;  } <\/style><div class=\"ld-fancy-heading text-uppercase ld_fancy_heading_6a06f2d1551d6\">\n\t<h2 class=\"lqd-highlight-underline lqd-highlight-grow-left\" data-fittext=\"true\" data-fittext-options='{\"compressor\":0.5,\"maxFontSize\":\"currentFontSize\",\"minFontSize\":\"\"}'><span class=\"ld-fh-txt\"> SICHERHEITSMASSNAHMEN<\/span><\/h2><\/div>\n\t<div class=\"wpb_text_column wpb_content_element\" >\n\t\t<div class=\"wpb_wrapper\">\n\t\t\t<p>Die vom Nutzer an BODEGAS NESTARES EGUIZABAL \u00fcbermittelten personenbezogenen Daten k\u00f6nnen in automatisierten oder nicht automatisierten Datenbanken gespeichert werden, deren Eigentum ausschlie\u00dflich BODEGAS NESTARES EGUIZABAL S.L. zusteht, wobei dieses Unternehmen alle technischen, organisatorischen und sicherheitsrelevanten Ma\u00dfnahmen ergreift, um die Vertraulichkeit, Integrit\u00e4t und Qualit\u00e4t der darin enthaltenen Informationen gem\u00e4\u00df den Bestimmungen der geltenden Datenschutzbestimmungen gew\u00e4hrleistet.<\/p>\n<p>Die Kommunikation zwischen den Nutzern und nestareseguizabal.com erfolgt \u00fcber einen sicheren Kanal, und die \u00fcbertragenen Daten werden dank https-Protokollen verschl\u00fcsselt. Daher garantiere ich beste Sicherheitsbedingungen, damit die Vertraulichkeit der Nutzer gew\u00e4hrleistet ist.<\/p>\n\n\t\t<\/div>\n\t<\/div>\n<\/div><\/div><\/div><\/div><\/div><\/div><\/section><section class=\"vc_row wpb_row vc_row-fluid liquid-row-shadowbox-6a06f2d155431\"><div class=\"ld-container container\"><div class=\"row ld-row\"><div class=\"wpb_column vc_column_container vc_col-sm-12 liquid-column-6a06f2d1555aa\"><div class=\"vc_column-inner\"><div class=\"wpb_wrapper vc_custom_1764677074833\"   ><div class=\"wpb_wrapper-inner\"><style>.ld_fancy_heading_6a06f2d155698 h2 {margin-bottom:0px !important;  } .ld_fancy_heading_6a06f2d155698 .lqd-highlight-inner{height:0.275em;bottom:0px;}.ld_fancy_heading_6a06f2d155698 h2 {margin-bottom:0px !important;  } <\/style><div class=\"ld-fancy-heading text-uppercase ld_fancy_heading_6a06f2d155698\">\n\t<h2 class=\"lqd-highlight-underline lqd-highlight-grow-left\" data-fittext=\"true\" data-fittext-options='{\"compressor\":0.5,\"maxFontSize\":\"currentFontSize\",\"minFontSize\":\"\"}'><span class=\"ld-fh-txt\"> PLATTFORM ZUR KONFLIKTL\u00d6SUNG<\/span><\/h2><\/div>\n\t<div class=\"wpb_text_column wpb_content_element\" >\n\t\t<div class=\"wpb_wrapper\">\n\t\t\t<p>Ich stelle den Nutzern auch die von der Europ\u00e4ischen Kommission bereitgestellte Plattform zur Streitbeilegung zur Verf\u00fcgung, die unter folgendem Link zu finden ist:\u00a0\u00a0<a href=\"https:\/\/ec.europa.eu\/consumers\/odr\/\" target=\"_blank\" rel=\"noopener nofollow\"><em>http:\/\/ec.europa.eu\/consumers\/odr\/<\/em><\/a><\/p>\n\n\t\t<\/div>\n\t<\/div>\n<\/div><\/div><\/div><\/div><\/div><\/div><\/section><section class=\"vc_row wpb_row vc_row-fluid liquid-row-shadowbox-6a06f2d155928\"><div class=\"ld-container container\"><div class=\"row ld-row\"><div class=\"wpb_column vc_column_container vc_col-sm-12 liquid-column-6a06f2d155abd\"><div class=\"vc_column-inner\"><div class=\"wpb_wrapper vc_custom_1764677083354\"   ><div class=\"wpb_wrapper-inner\"><style>.ld_fancy_heading_6a06f2d155bb3 h2 {margin-bottom:0px !important;  } .ld_fancy_heading_6a06f2d155bb3 .lqd-highlight-inner{height:0.275em;bottom:0px;}.ld_fancy_heading_6a06f2d155bb3 h2 {margin-bottom:0px !important;  } <\/style><div class=\"ld-fancy-heading text-uppercase ld_fancy_heading_6a06f2d155bb3\">\n\t<h2 class=\"lqd-highlight-underline lqd-highlight-grow-left\" data-fittext=\"true\" data-fittext-options='{\"compressor\":0.5,\"maxFontSize\":\"currentFontSize\",\"minFontSize\":\"\"}'><span class=\"ld-fh-txt\"> HAFTUNGSAUSSCHLUSS UND HAFTUNG<\/span><\/h2><\/div>\n\t<div class=\"wpb_text_column wpb_content_element\" >\n\t\t<div class=\"wpb_wrapper\">\n\t\t\t<p>BODEGAS NESTARES EGUIZABAL \u00fcbernimmt keinerlei Gew\u00e4hrleistung und haftet in keinem Fall f\u00fcr Sch\u00e4den jeglicher Art, die durch folgende Ursachen entstehen k\u00f6nnten:<\/p>\n<ul>\n<li>Die mangelnde Verf\u00fcgbarkeit, Wartung und effektive Funktionsweise der Website oder ihrer Dienste und Inhalte.<\/li>\n<li>Das Vorhandensein von Malware, b\u00f6sartigen oder sch\u00e4dlichen Programmen in den Inhalten.<\/li>\n<li>Die unrechtm\u00e4\u00dfige, fahrl\u00e4ssige, betr\u00fcgerische oder gegen diesen rechtlichen Hinweis versto\u00dfende Nutzung.<\/li>\n<li>Die mangelnde Rechtm\u00e4\u00dfigkeit, Qualit\u00e4t, Zuverl\u00e4ssigkeit, N\u00fctzlichkeit und Verf\u00fcgbarkeit der von Dritten erbrachten und den Nutzern auf der Website zur Verf\u00fcgung gestellten Dienste.<\/li>\n<li>Der Anbieter haftet unter keinen Umst\u00e4nden f\u00fcr Sch\u00e4den, die durch die illegale oder missbr\u00e4uchliche Nutzung dieser Website entstehen k\u00f6nnten.<\/li>\n<\/ul>\n\n\t\t<\/div>\n\t<\/div>\n<\/div><\/div><\/div><\/div><\/div><\/div><\/section><section class=\"vc_row wpb_row vc_row-fluid liquid-row-shadowbox-6a06f2d155e57\"><div class=\"ld-container container\"><div class=\"row ld-row\"><div class=\"wpb_column vc_column_container vc_col-sm-12 liquid-column-6a06f2d155fcc\"><div class=\"vc_column-inner\"><div class=\"wpb_wrapper vc_custom_1764677090791\"   ><div class=\"wpb_wrapper-inner\"><style>.ld_fancy_heading_6a06f2d1560a4 h2 {margin-bottom:0px !important;  } .ld_fancy_heading_6a06f2d1560a4 .lqd-highlight-inner{height:0.275em;bottom:0px;}.ld_fancy_heading_6a06f2d1560a4 h2 {margin-bottom:0px !important;  } <\/style><div class=\"ld-fancy-heading text-uppercase ld_fancy_heading_6a06f2d1560a4\">\n\t<h2 class=\"lqd-highlight-underline lqd-highlight-grow-left\" data-fittext=\"true\" data-fittext-options='{\"compressor\":0.5,\"maxFontSize\":\"currentFontSize\",\"minFontSize\":\"\"}'><span class=\"ld-fh-txt\"> ANWENDBARES RECHT UND GERICHTSSTAND<\/span><\/h2><\/div>\n\t<div class=\"wpb_text_column wpb_content_element\" >\n\t\t<div class=\"wpb_wrapper\">\n\t\t\t<p>Im Allgemeinen unterliegen die Beziehungen zwischen BODEGAS NESTARES EGUIZABAL und den Nutzern seiner auf dieser Website angebotenen telematischen Dienste der spanischen Gesetzgebung und Gerichtsbarkeit sowie den Gerichten von La Rioja.<\/p>\n<p>Sollten Sie Fragen zu diesen rechtlichen Bestimmungen oder Anmerkungen zur Website nestareseguizabal.com haben, wenden Sie sich bitte an bodegas@nestareseguizabal.com.<\/p>\n<p>Der rechtliche Hinweis wurde zuletzt am 30.09.2021 aktualisiert.<\/p>\n\n\t\t<\/div>\n\t<\/div>\n<\/div><\/div><\/div><\/div><\/div><\/div><\/section>\n<\/div>","protected":false},"excerpt":{"rendered":"Sie befinden sich auf einer Website, die sich f\u00fcr die Rechte ihrer Nutzer einsetzt, und aus diesem Grund...","protected":false},"author":1,"featured_media":0,"parent":0,"menu_order":0,"comment_status":"closed","ping_status":"closed","template":"","meta":{"footnotes":""},"class_list":["post-4174","page","type-page","status-publish","hentry"],"_links":{"self":[{"href":"https:\/\/nestareseguizabal.com\/de\/wp-json\/wp\/v2\/pages\/4174","targetHints":{"allow":["GET"]}}],"collection":[{"href":"https:\/\/nestareseguizabal.com\/de\/wp-json\/wp\/v2\/pages"}],"about":[{"href":"https:\/\/nestareseguizabal.com\/de\/wp-json\/wp\/v2\/types\/page"}],"author":[{"embeddable":true,"href":"https:\/\/nestareseguizabal.com\/de\/wp-json\/wp\/v2\/users\/1"}],"replies":[{"embeddable":true,"href":"https:\/\/nestareseguizabal.com\/de\/wp-json\/wp\/v2\/comments?post=4174"}],"version-history":[{"count":4,"href":"https:\/\/nestareseguizabal.com\/de\/wp-json\/wp\/v2\/pages\/4174\/revisions"}],"predecessor-version":[{"id":5490,"href":"https:\/\/nestareseguizabal.com\/de\/wp-json\/wp\/v2\/pages\/4174\/revisions\/5490"}],"wp:attachment":[{"href":"https:\/\/nestareseguizabal.com\/de\/wp-json\/wp\/v2\/media?parent=4174"}],"curies":[{"name":"wp","href":"https:\/\/api.w.org\/{rel}","templated":true}]}}