{"id":4733,"date":"2021-08-16T07:00:42","date_gmt":"2021-08-16T06:00:42","guid":{"rendered":"https:\/\/nestareseguizabal.com\/?page_id=4733"},"modified":"2025-12-04T19:42:09","modified_gmt":"2025-12-04T18:42:09","slug":"tienda","status":"publish","type":"page","link":"https:\/\/nestareseguizabal.com\/de\/tienda\/","title":{"rendered":"Shop"},"content":{"rendered":"<div class=\"wpb-content-wrapper\"><section class=\"vc_row wpb_row vc_row-fluid liquid-row-shadowbox-69ff36b6dad75\"><div class=\"ld-container container\"><div class=\"row ld-row\"><div class=\"wpb_column vc_column_container vc_col-sm-12 liquid-column-69ff36b6db490\"><div class=\"vc_column-inner\"><div class=\"wpb_wrapper\"   ><div class=\"wpb_wrapper-inner\"><div class=\"vc_empty_space\"   style=\"height: 100px\"><span class=\"vc_empty_space_inner\"><\/span><\/div><\/div><\/div><\/div><\/div><\/div><\/div><\/section><section class=\"vc_row wpb_row vc_row-fluid liquid-row-shadowbox-69ff36b6db9ba\"><div class=\"ld-container container\"><div class=\"row ld-row\"><div class=\"wpb_column vc_column_container vc_col-sm-12 liquid-column-69ff36b6dbcf6\"><div class=\"vc_column-inner\"><div class=\"wpb_wrapper\"   ><div class=\"wpb_wrapper-inner\"><header class=\"fancy-title ld_section_title_69ff36b6dbec4\">\n\t<h1 class=\"lined\">Shop <i class=\"line\"><\/i><\/h1>\t\t<\/header><div class=\"vc_empty_space\"   style=\"height: 32px\"><span class=\"vc_empty_space_inner\"><\/span><\/div><\/div><\/div><\/div><\/div><\/div><\/div><\/section><section class=\"vc_row wpb_row vc_row-fluid liquid-row-shadowbox-69ff36b6dc25e\"><div class=\"ld-container container\"><div class=\"row ld-row\"><div class=\"wpb_column vc_column_container vc_col-sm-6 liquid-column-69ff36b6dc542\"><div class=\"vc_column-inner\"><div class=\"wpb_wrapper\"   ><div class=\"wpb_wrapper-inner\">\n\t<div  class=\"wpb_single_image wpb_content_element vc_align_center  liquid_vc_single_image-69ff36b6dd245\">\n\t\t\n\t\t<figure class=\"wpb_wrapper vc_figure\">\n\t\t\t<div class=\"vc_single_image-wrapper   vc_box_border_grey\"><img decoding=\"async\" class=\"vc_single_image-img\" src=\"https:\/\/nestareseguizabal.com\/wp-content\/uploads\/2021\/08\/lote-350x350.png\" width=\"350\" height=\"350\" alt=\"Los\" title=\"Los\" \/><\/div>\n\t\t<\/figure>\n\t<\/div>\n<\/div><\/div><\/div><\/div><div class=\"wpb_column vc_column_container vc_col-sm-6 liquid-column-69ff36b6dd4fd\"><div class=\"vc_column-inner\"><div class=\"wpb_wrapper\"   ><div class=\"wpb_wrapper-inner\"><style>.ld_fancy_heading_69ff36b6dd7bf p{font-size:32px;color:rgb(152, 101, 63);}.ld_fancy_heading_69ff36b6dd7bf .lqd-highlight-inner{height:0.275em;bottom:0px;}<\/style><div class=\"ld-fancy-heading ld_fancy_heading_69ff36b6dd7bf\">\n\t<p class=\"lqd-highlight-underline lqd-highlight-grow-left\" ><span class=\"ld-fh-txt\"> W\u00e4hlen Sie 6 unserer Weine aus und gestalten Sie Ihre eigene Box.<\/span><\/p><\/div>\n\t<div class=\"wpb_text_column wpb_content_element\" >\n\t\t<div class=\"wpb_wrapper\">\n\t\t\t<p class=\"p1\">Sie w\u00e4hlen die Weine aus, wir liefern sie zu Ihnen nach Hause. W\u00e4hlen Sie nach Ihrem Geschmack und erhalten Sie Weine in Kellerqualit\u00e4t ohne Umst\u00e4nde.<b><\/b><\/p>\n\n\t\t<\/div>\n\t<\/div>\n<div class=\"vc_empty_space\"   style=\"height: 32px\"><span class=\"vc_empty_space_inner\"><\/span><\/div><a href=\"https:\/\/nestareseguizabal.com\/de\/produkt\/personalisierte-box\/\" title=\"Personalisierte Box\" class=\"btn btn-solid btn-bordered border-thin ld_button_69ff36b6ddd65 vc_custom_1629094565756\">\n\t<span>\n\t\t\n\t\t\t\t\t<span class=\"btn-txt\">Meine eigene Box erstellen<\/span>\n\t\t\t\n\t\t\t\t<\/span>\n<\/a>\n<\/div><\/div><\/div><\/div><\/div><\/div><\/section><section class=\"vc_row wpb_row vc_row-fluid liquid-row-shadowbox-69ff36b6df82a\"><div class=\"ld-container container\"><div class=\"row ld-row\"><div class=\"wpb_column vc_column_container vc_col-sm-12 liquid-column-69ff36b6dfbd4\"><div class=\"vc_column-inner\"><div class=\"wpb_wrapper\"   ><div class=\"wpb_wrapper-inner\"><div class=\"vc_separator wpb_content_element vc_separator_align_center vc_sep_width_100 vc_sep_pos_align_center vc_separator_no_text wpb_content_element  wpb_content_element\" ><span class=\"vc_sep_holder vc_sep_holder_l\"><span style=\"border-color:#98653f;\" class=\"vc_sep_line\"><\/span><\/span><span class=\"vc_sep_holder vc_sep_holder_r\"><span style=\"border-color:#98653f;\" class=\"vc_sep_line\"><\/span><\/span>\n<\/div><\/div><\/div><\/div><\/div><\/div><\/div><\/section><section class=\"vc_row wpb_row vc_row-fluid liquid-row-shadowbox-69ff36b6e01bb\"><div class=\"ld-container container\"><div class=\"row ld-row\"><div class=\"wpb_column vc_column_container vc_col-sm-12 liquid-column-69ff36b6e0460\"><div class=\"vc_column-inner\"><div class=\"wpb_wrapper\"   ><div class=\"wpb_wrapper-inner\"><div class=\"vc_empty_space\"   style=\"height: 32px\"><span class=\"vc_empty_space_inner\"><\/span><\/div><\/div><\/div><\/div><\/div><\/div><\/div><\/section><section class=\"vc_row wpb_row vc_row-fluid liquid-row-shadowbox-69ff36b6e07ef\"><div class=\"ld-container container\"><div class=\"row ld-row\"><div class=\"wpb_column vc_column_container vc_col-sm-12 liquid-column-69ff36b6e0b18\"><div class=\"vc_column-inner\"><div class=\"wpb_wrapper\"   ><div class=\"wpb_wrapper-inner\"><div class=\"woocommerce\"><ul class=\"products columns-4\">\n<\/ul>\n<\/div><div class=\"woocommerce columns-4\"><ul class=\"products columns-4\">\n<li class=\"product type-product post-4463 status-publish first instock product_cat-segares product_cat-tinto has-post-thumbnail featured shipping-taxable purchasable product-type-simple\">\n\t<div class=\"ld-sp\">\n\t\t<figure class=\"ld-sp-img\">\n\t\t<img decoding=\"async\" width=\"300\" height=\"300\" src=\"https:\/\/nestareseguizabal.com\/wp-content\/uploads\/2021\/05\/segares-las-llecas-300x300.png\" class=\"attachment-woocommerce_thumbnail size-woocommerce_thumbnail\" alt=\"Segares Las Llecas 2022\" srcset=\"https:\/\/nestareseguizabal.com\/wp-content\/uploads\/2021\/05\/segares-las-llecas-300x300.png 300w, https:\/\/nestareseguizabal.com\/wp-content\/uploads\/2021\/05\/segares-las-llecas-150x150.png 150w, https:\/\/nestareseguizabal.com\/wp-content\/uploads\/2021\/05\/segares-las-llecas-470x470.png 470w, https:\/\/nestareseguizabal.com\/wp-content\/uploads\/2021\/05\/segares-las-llecas-600x600.png 600w, https:\/\/nestareseguizabal.com\/wp-content\/uploads\/2021\/05\/segares-las-llecas-350x350.png 350w, https:\/\/nestareseguizabal.com\/wp-content\/uploads\/2021\/05\/segares-las-llecas-160x160.png 160w, https:\/\/nestareseguizabal.com\/wp-content\/uploads\/2021\/05\/segares-las-llecas-100x100.png 100w, https:\/\/nestareseguizabal.com\/wp-content\/uploads\/2021\/05\/segares-las-llecas-12x12.png 12w, https:\/\/nestareseguizabal.com\/wp-content\/uploads\/2021\/05\/segares-las-llecas.png 1000w\" sizes=\"(max-width: 300px) 100vw, 300px\" \/><a href=\"https:\/\/nestareseguizabal.com\/de\/produkt\/segares-las-llecas-2016\/\" class=\"liquid-overlay-link woocommerce-LoopProduct-link woocommerce-loop-product__link\"><\/a><p class=\"intl-disabled-msg\">F\u00fcr internationale Bestellungen wenden Sie sich bitte an <a href=\"mailto:bodegas@nestareseguizabal.com\">bodegas@nestareseguizabal.com<\/a><\/p>\n    <span id=\"woocommerce_loop_add_to_cart_link_describedby_4463\" class=\"screen-reader-text\">\n            <\/span>\n\t\t<\/figure>\n\t\t<div class=\"ld-sp-info\">\n\t\t<h3><a href=\"https:\/\/nestareseguizabal.com\/de\/produkt\/segares-las-llecas-2016\/\">Segares Las Llecas 2022<\/a><\/h3>\n\t<span class=\"price\"><span class=\"woocommerce-Price-amount amount\">7,00&nbsp;<span class=\"woocommerce-Price-currencySymbol\">\u20ac<\/span><\/span><\/span>\n\t\t<\/div><!-- \/.ld-sp-info -->\n\t\t\t<\/div><!-- \/.ld-sp -->\n<\/li>\n<li class=\"product type-product post-4467 status-publish instock product_cat-segares product_cat-crianza product_cat-tinto has-post-thumbnail featured shipping-taxable purchasable product-type-simple\">\n\t<div class=\"ld-sp\">\n\t\t<figure class=\"ld-sp-img\">\n\t\t<img decoding=\"async\" width=\"300\" height=\"300\" src=\"https:\/\/nestareseguizabal.com\/wp-content\/uploads\/2021\/05\/Segares-Crianza-2017-300x300.png\" class=\"attachment-woocommerce_thumbnail size-woocommerce_thumbnail\" alt=\"Segares Crianza 2017\" srcset=\"https:\/\/nestareseguizabal.com\/wp-content\/uploads\/2021\/05\/Segares-Crianza-2017-300x300.png 300w, https:\/\/nestareseguizabal.com\/wp-content\/uploads\/2021\/05\/Segares-Crianza-2017-150x150.png 150w, https:\/\/nestareseguizabal.com\/wp-content\/uploads\/2021\/05\/Segares-Crianza-2017-600x600.png 600w, https:\/\/nestareseguizabal.com\/wp-content\/uploads\/2021\/05\/Segares-Crianza-2017-470x470.png 470w, https:\/\/nestareseguizabal.com\/wp-content\/uploads\/2021\/05\/Segares-Crianza-2017-350x350.png 350w, https:\/\/nestareseguizabal.com\/wp-content\/uploads\/2021\/05\/Segares-Crianza-2017-160x160.png 160w, https:\/\/nestareseguizabal.com\/wp-content\/uploads\/2021\/05\/Segares-Crianza-2017-100x100.png 100w, https:\/\/nestareseguizabal.com\/wp-content\/uploads\/2021\/05\/Segares-Crianza-2017-12x12.png 12w, https:\/\/nestareseguizabal.com\/wp-content\/uploads\/2021\/05\/Segares-Crianza-2017.png 1000w\" sizes=\"(max-width: 300px) 100vw, 300px\" \/><a href=\"https:\/\/nestareseguizabal.com\/de\/produkt\/segares-crianza-2012\/\" class=\"liquid-overlay-link woocommerce-LoopProduct-link woocommerce-loop-product__link\"><\/a><p class=\"intl-disabled-msg\">F\u00fcr internationale Bestellungen wenden Sie sich bitte an <a href=\"mailto:bodegas@nestareseguizabal.com\">bodegas@nestareseguizabal.com<\/a><\/p>\n    <span id=\"woocommerce_loop_add_to_cart_link_describedby_4467\" class=\"screen-reader-text\">\n            <\/span>\n\t\t<\/figure>\n\t\t<div class=\"ld-sp-info\">\n\t\t<h3><a href=\"https:\/\/nestareseguizabal.com\/de\/produkt\/segares-crianza-2012\/\">Segares Crianza 2017<\/a><\/h3>\n\t<span class=\"price\"><span class=\"woocommerce-Price-amount amount\">9,00&nbsp;<span class=\"woocommerce-Price-currencySymbol\">\u20ac<\/span><\/span><\/span>\n\t\t<\/div><!-- \/.ld-sp-info -->\n\t\t\t<\/div><!-- \/.ld-sp -->\n<\/li>\n<li class=\"product type-product post-4471 status-publish instock product_cat-arzobispo product_cat-gran-reserva product_cat-tinto has-post-thumbnail featured shipping-taxable purchasable product-type-simple\">\n\t<div class=\"ld-sp\">\n\t\t<figure class=\"ld-sp-img\">\n\t\t<img decoding=\"async\" width=\"300\" height=\"300\" src=\"https:\/\/nestareseguizabal.com\/wp-content\/uploads\/2021\/05\/arzobispo-300x300.png\" class=\"attachment-woocommerce_thumbnail size-woocommerce_thumbnail\" alt=\"Arzobispo Diego de Tejada - Signaturwein 2007\" srcset=\"https:\/\/nestareseguizabal.com\/wp-content\/uploads\/2021\/05\/arzobispo-300x300.png 300w, https:\/\/nestareseguizabal.com\/wp-content\/uploads\/2021\/05\/arzobispo-12x12.png 12w, https:\/\/nestareseguizabal.com\/wp-content\/uploads\/2021\/05\/arzobispo.png 1000w\" sizes=\"(max-width: 300px) 100vw, 300px\" \/><a href=\"https:\/\/nestareseguizabal.com\/de\/produkt\/arzobispo-diego-de-tejada-gran-reserva-2007\/\" class=\"liquid-overlay-link woocommerce-LoopProduct-link woocommerce-loop-product__link\"><\/a><p class=\"intl-disabled-msg\">F\u00fcr internationale Bestellungen wenden Sie sich bitte an <a href=\"mailto:bodegas@nestareseguizabal.com\">bodegas@nestareseguizabal.com<\/a><\/p>\n    <span id=\"woocommerce_loop_add_to_cart_link_describedby_4471\" class=\"screen-reader-text\">\n            <\/span>\n\t\t<\/figure>\n\t\t<div class=\"ld-sp-info\">\n\t\t<h3><a href=\"https:\/\/nestareseguizabal.com\/de\/produkt\/arzobispo-diego-de-tejada-gran-reserva-2007\/\">Arzobispo Diego de Tejada - Signaturwein 2007<\/a><\/h3>\n\t<span class=\"price\"><span class=\"woocommerce-Price-amount amount\">32,00&nbsp;<span class=\"woocommerce-Price-currencySymbol\">\u20ac<\/span><\/span><\/span>\n\t\t<\/div><!-- \/.ld-sp-info -->\n\t\t\t<\/div><!-- \/.ld-sp -->\n<\/li>\n<li class=\"product type-product post-4461 status-publish last instock product_cat-a-veredas product_cat-rosados has-post-thumbnail featured shipping-taxable purchasable product-type-simple\">\n\t<div class=\"ld-sp\">\n\t\t<figure class=\"ld-sp-img\">\n\t\t<img decoding=\"async\" width=\"300\" height=\"300\" src=\"https:\/\/nestareseguizabal.com\/wp-content\/uploads\/2021\/05\/averedas-rosado-300x300.png\" class=\"attachment-woocommerce_thumbnail size-woocommerce_thumbnail\" alt=\"A Rosa B\u00fcrgersteige 2022\" srcset=\"https:\/\/nestareseguizabal.com\/wp-content\/uploads\/2021\/05\/averedas-rosado-300x300.png 300w, https:\/\/nestareseguizabal.com\/wp-content\/uploads\/2021\/05\/averedas-rosado-150x150.png 150w, https:\/\/nestareseguizabal.com\/wp-content\/uploads\/2021\/05\/averedas-rosado-600x600.png 600w, https:\/\/nestareseguizabal.com\/wp-content\/uploads\/2021\/05\/averedas-rosado-470x470.png 470w, https:\/\/nestareseguizabal.com\/wp-content\/uploads\/2021\/05\/averedas-rosado-350x350.png 350w, https:\/\/nestareseguizabal.com\/wp-content\/uploads\/2021\/05\/averedas-rosado-160x160.png 160w, https:\/\/nestareseguizabal.com\/wp-content\/uploads\/2021\/05\/averedas-rosado-100x100.png 100w, https:\/\/nestareseguizabal.com\/wp-content\/uploads\/2021\/05\/averedas-rosado-12x12.png 12w, https:\/\/nestareseguizabal.com\/wp-content\/uploads\/2021\/05\/averedas-rosado.png 1000w\" sizes=\"(max-width: 300px) 100vw, 300px\" \/><a href=\"https:\/\/nestareseguizabal.com\/de\/produkt\/a-veredas-rosado-2\/\" class=\"liquid-overlay-link woocommerce-LoopProduct-link woocommerce-loop-product__link\"><\/a><p class=\"intl-disabled-msg\">F\u00fcr internationale Bestellungen wenden Sie sich bitte an <a href=\"mailto:bodegas@nestareseguizabal.com\">bodegas@nestareseguizabal.com<\/a><\/p>\n    <span id=\"woocommerce_loop_add_to_cart_link_describedby_4461\" class=\"screen-reader-text\">\n            <\/span>\n\t\t<\/figure>\n\t\t<div class=\"ld-sp-info\">\n\t\t<h3><a href=\"https:\/\/nestareseguizabal.com\/de\/produkt\/a-veredas-rosado-2\/\">A Rosa B\u00fcrgersteige 2022<\/a><\/h3>\n\t<span class=\"price\"><span class=\"woocommerce-Price-amount amount\">12,00&nbsp;<span class=\"woocommerce-Price-currencySymbol\">\u20ac<\/span><\/span><\/span>\n\t\t<\/div><!-- \/.ld-sp-info -->\n\t\t\t<\/div><!-- \/.ld-sp -->\n<\/li>\n<li class=\"product type-product post-4424 status-publish first instock product_cat-tinto product_cat-a-veredas has-post-thumbnail featured shipping-taxable purchasable product-type-simple\">\n\t<div class=\"ld-sp\">\n\t\t<figure class=\"ld-sp-img\">\n\t\t<img decoding=\"async\" width=\"300\" height=\"300\" src=\"https:\/\/nestareseguizabal.com\/wp-content\/uploads\/2021\/05\/averedas-tinto-300x300.png\" class=\"attachment-woocommerce_thumbnail size-woocommerce_thumbnail\" alt=\"A Veredas tinto 2018\" srcset=\"https:\/\/nestareseguizabal.com\/wp-content\/uploads\/2021\/05\/averedas-tinto-300x300.png 300w, https:\/\/nestareseguizabal.com\/wp-content\/uploads\/2021\/05\/averedas-tinto-12x12.png 12w, https:\/\/nestareseguizabal.com\/wp-content\/uploads\/2021\/05\/averedas-tinto.png 1000w\" sizes=\"(max-width: 300px) 100vw, 300px\" \/><a href=\"https:\/\/nestareseguizabal.com\/de\/produkt\/kapuzenpulli-mit-logo\/\" class=\"liquid-overlay-link woocommerce-LoopProduct-link woocommerce-loop-product__link\"><\/a><p class=\"intl-disabled-msg\">F\u00fcr internationale Bestellungen wenden Sie sich bitte an <a href=\"mailto:bodegas@nestareseguizabal.com\">bodegas@nestareseguizabal.com<\/a><\/p>\n    <span id=\"woocommerce_loop_add_to_cart_link_describedby_4424\" class=\"screen-reader-text\">\n            <\/span>\n\t\t<\/figure>\n\t\t<div class=\"ld-sp-info\">\n\t\t<h3><a href=\"https:\/\/nestareseguizabal.com\/de\/produkt\/kapuzenpulli-mit-logo\/\">A Veredas tinto 2018<\/a><\/h3>\n\t<span class=\"price\"><span class=\"woocommerce-Price-amount amount\">14,00&nbsp;<span class=\"woocommerce-Price-currencySymbol\">\u20ac<\/span><\/span><\/span>\n\t\t<\/div><!-- \/.ld-sp-info -->\n\t\t\t<\/div><!-- \/.ld-sp -->\n<\/li>\n<li class=\"product type-product post-4469 status-publish instock product_cat-segares product_cat-reserva product_cat-tinto has-post-thumbnail featured shipping-taxable purchasable product-type-simple\">\n\t<div class=\"ld-sp\">\n\t\t<figure class=\"ld-sp-img\">\n\t\t<img decoding=\"async\" width=\"300\" height=\"300\" src=\"https:\/\/nestareseguizabal.com\/wp-content\/uploads\/2021\/05\/segares-reserva-300x300.png\" class=\"attachment-woocommerce_thumbnail size-woocommerce_thumbnail\" alt=\"Segares Reserva 2012\" srcset=\"https:\/\/nestareseguizabal.com\/wp-content\/uploads\/2021\/05\/segares-reserva-300x300.png 300w, https:\/\/nestareseguizabal.com\/wp-content\/uploads\/2021\/05\/segares-reserva-150x150.png 150w, https:\/\/nestareseguizabal.com\/wp-content\/uploads\/2021\/05\/segares-reserva-470x470.png 470w, https:\/\/nestareseguizabal.com\/wp-content\/uploads\/2021\/05\/segares-reserva-600x600.png 600w, https:\/\/nestareseguizabal.com\/wp-content\/uploads\/2021\/05\/segares-reserva-350x350.png 350w, https:\/\/nestareseguizabal.com\/wp-content\/uploads\/2021\/05\/segares-reserva-160x160.png 160w, https:\/\/nestareseguizabal.com\/wp-content\/uploads\/2021\/05\/segares-reserva-100x100.png 100w, https:\/\/nestareseguizabal.com\/wp-content\/uploads\/2021\/05\/segares-reserva-12x12.png 12w, https:\/\/nestareseguizabal.com\/wp-content\/uploads\/2021\/05\/segares-reserva.png 1000w\" sizes=\"(max-width: 300px) 100vw, 300px\" \/><a href=\"https:\/\/nestareseguizabal.com\/de\/produkt\/segares-reserva-2012\/\" class=\"liquid-overlay-link woocommerce-LoopProduct-link woocommerce-loop-product__link\"><\/a><p class=\"intl-disabled-msg\">F\u00fcr internationale Bestellungen wenden Sie sich bitte an <a href=\"mailto:bodegas@nestareseguizabal.com\">bodegas@nestareseguizabal.com<\/a><\/p>\n    <span id=\"woocommerce_loop_add_to_cart_link_describedby_4469\" class=\"screen-reader-text\">\n            <\/span>\n\t\t<\/figure>\n\t\t<div class=\"ld-sp-info\">\n\t\t<h3><a href=\"https:\/\/nestareseguizabal.com\/de\/produkt\/segares-reserva-2012\/\">Segares Reserva 2012<\/a><\/h3>\n\t<span class=\"price\"><span class=\"woocommerce-Price-amount amount\">14,50&nbsp;<span class=\"woocommerce-Price-currencySymbol\">\u20ac<\/span><\/span><\/span>\n\t\t<\/div><!-- \/.ld-sp-info -->\n\t\t\t<\/div><!-- \/.ld-sp -->\n<\/li>\n<li class=\"product type-product post-4457 status-publish instock product_cat-blanco product_cat-a-veredas has-post-thumbnail featured shipping-taxable purchasable product-type-simple\">\n\t<div class=\"ld-sp\">\n\t\t<figure class=\"ld-sp-img\">\n\t\t<img decoding=\"async\" width=\"300\" height=\"300\" src=\"https:\/\/nestareseguizabal.com\/wp-content\/uploads\/2021\/05\/averedas-blanco-300x300.png\" class=\"attachment-woocommerce_thumbnail size-woocommerce_thumbnail\" alt=\"A Wei\u00dfe B\u00fcrgersteige 2022\" srcset=\"https:\/\/nestareseguizabal.com\/wp-content\/uploads\/2021\/05\/averedas-blanco-300x300.png 300w, https:\/\/nestareseguizabal.com\/wp-content\/uploads\/2021\/05\/averedas-blanco-12x12.png 12w, https:\/\/nestareseguizabal.com\/wp-content\/uploads\/2021\/05\/averedas-blanco.png 1000w\" sizes=\"(max-width: 300px) 100vw, 300px\" \/><a href=\"https:\/\/nestareseguizabal.com\/de\/produkt\/ein-weises-pflaster\/\" class=\"liquid-overlay-link woocommerce-LoopProduct-link woocommerce-loop-product__link\"><\/a><p class=\"intl-disabled-msg\">F\u00fcr internationale Bestellungen wenden Sie sich bitte an <a href=\"mailto:bodegas@nestareseguizabal.com\">bodegas@nestareseguizabal.com<\/a><\/p>\n    <span id=\"woocommerce_loop_add_to_cart_link_describedby_4457\" class=\"screen-reader-text\">\n            <\/span>\n\t\t<\/figure>\n\t\t<div class=\"ld-sp-info\">\n\t\t<h3><a href=\"https:\/\/nestareseguizabal.com\/de\/produkt\/ein-weises-pflaster\/\">A Wei\u00dfe B\u00fcrgersteige 2022<\/a><\/h3>\n\t\n    <div class=\"nes-marquee-wrap nes-star-loop nes-loop-between\">\n        <div class=\"nes-marquee-track\">\n            <div class=\"nes-marquee\">\n                \u2605 Top-Produkt \u00b7 Bestseller \u00b7 Top-Produkt \u00b7 Bestseller \u2605\n            <\/div>\n            <div class=\"nes-marquee nes-marquee-dup\">\n                \u2605 Top-Produkt \u00b7 Bestseller \u00b7 Top-Produkt \u00b7 Bestseller \u2605\n            <\/div>\n        <\/div>\n    <\/div><span class=\"price\"><span class=\"woocommerce-Price-amount amount\">14,00&nbsp;<span class=\"woocommerce-Price-currencySymbol\">\u20ac<\/span><\/span><\/span>\n\t\t<\/div><!-- \/.ld-sp-info -->\n\t\t\t<\/div><!-- \/.ld-sp -->\n<\/li>\n<\/ul>\n<\/div><\/div><\/div><\/div><\/div><\/div><\/div><\/section><section class=\"vc_row wpb_row vc_row-fluid liquid-row-shadowbox-69ff36b7045df\"><div class=\"ld-container container\"><div class=\"row ld-row\"><div class=\"wpb_column vc_column_container vc_col-sm-12 liquid-column-69ff36b7049ae\"><div class=\"vc_column-inner\"><div class=\"wpb_wrapper\"   ><div class=\"wpb_wrapper-inner\">\n\t<div  class=\"wpb_single_image wpb_content_element vc_align_center  liquid_vc_single_image-69ff36b70532b\">\n\t\t\n\t\t<figure class=\"wpb_wrapper vc_figure\">\n\t\t\t<div class=\"vc_single_image-wrapper   vc_box_border_grey\"><img decoding=\"async\" width=\"2000\" height=\"200\" src=\"https:\/\/nestareseguizabal.com\/wp-content\/uploads\/2021\/07\/Compra-segura.png\" class=\"vc_single_image-img attachment-full\" alt=\"\" title=\"Sicheres Einkaufen\" srcset=\"https:\/\/nestareseguizabal.com\/wp-content\/uploads\/2021\/07\/Compra-segura.png 2000w, https:\/\/nestareseguizabal.com\/wp-content\/uploads\/2021\/07\/Compra-segura-300x30.png 300w, https:\/\/nestareseguizabal.com\/wp-content\/uploads\/2021\/07\/Compra-segura-1024x102.png 1024w, https:\/\/nestareseguizabal.com\/wp-content\/uploads\/2021\/07\/Compra-segura-1320x132.png 1320w, https:\/\/nestareseguizabal.com\/wp-content\/uploads\/2021\/07\/Compra-segura-18x2.png 18w\" sizes=\"(max-width: 2000px) 100vw, 2000px\" \/><\/div>\n\t\t<\/figure>\n\t<\/div>\n<\/div><\/div><\/div><\/div><\/div><\/div><\/section>\n<\/div>","protected":false},"excerpt":{"rendered":"Shop W\u00e4hlen Sie 6 unserer Weine aus und stellen Sie Ihre eigene Box zusammen. Sie w\u00e4hlen die Weine aus,...","protected":false},"author":1,"featured_media":0,"parent":0,"menu_order":0,"comment_status":"closed","ping_status":"closed","template":"","meta":{"footnotes":""},"class_list":["post-4733","page","type-page","status-publish","hentry"],"_links":{"self":[{"href":"https:\/\/nestareseguizabal.com\/de\/wp-json\/wp\/v2\/pages\/4733","targetHints":{"allow":["GET"]}}],"collection":[{"href":"https:\/\/nestareseguizabal.com\/de\/wp-json\/wp\/v2\/pages"}],"about":[{"href":"https:\/\/nestareseguizabal.com\/de\/wp-json\/wp\/v2\/types\/page"}],"author":[{"embeddable":true,"href":"https:\/\/nestareseguizabal.com\/de\/wp-json\/wp\/v2\/users\/1"}],"replies":[{"embeddable":true,"href":"https:\/\/nestareseguizabal.com\/de\/wp-json\/wp\/v2\/comments?post=4733"}],"version-history":[{"count":37,"href":"https:\/\/nestareseguizabal.com\/de\/wp-json\/wp\/v2\/pages\/4733\/revisions"}],"predecessor-version":[{"id":5554,"href":"https:\/\/nestareseguizabal.com\/de\/wp-json\/wp\/v2\/pages\/4733\/revisions\/5554"}],"wp:attachment":[{"href":"https:\/\/nestareseguizabal.com\/de\/wp-json\/wp\/v2\/media?parent=4733"}],"curies":[{"name":"wp","href":"https:\/\/api.w.org\/{rel}","templated":true}]}}