{"id":4424,"date":"2021-05-07T20:10:20","date_gmt":"2021-05-07T19:10:20","guid":{"rendered":"https:\/\/nestareseguizabal.com\/producto\/hoodie-with-logo"},"modified":"2025-12-12T13:54:49","modified_gmt":"2025-12-12T12:54:49","slug":"a-veredas-tinto","status":"publish","type":"product","link":"https:\/\/nestareseguizabal.com\/de\/produkt\/kapuzenpulli-mit-logo\/","title":{"rendered":"A Veredas tinto 2018"},"content":{"rendered":"<p>A Veredas Tinto 2018 ist ein Tempranillo mit minimalem Eingriff, hergestellt aus Trauben des Familienweinguts \u201cLa Zapatera\u201d in Galilea. Ein ehrlicher und handwerklich hergestellter Wein, der in Betonbeh\u00e4ltern mit einheimischen Hefen vergoren und in franz\u00f6sischer Eiche gereift ist und die Identit\u00e4t des Weinbergs in seiner Reinheit widerspiegelt.<\/p>\n<p>Von intensiver kirschroter Farbe, besticht er durch seine blumigen und balsamischen Aromen, gepaart mit subtilen Reifenoten. Am Gaumen ist er dicht, strukturiert und \u00fcberraschend fl\u00fcssig, mit einer Explosion von Fr\u00fcchten und Gew\u00fcrzen. Runde Tannine, Tiefe und ein langer Abgang, der zum Weitertrinken einl\u00e4dt.<\/p>\n<h2>Technische Informationen<\/h2>\n<ul>\n<li><strong>Rebsorte:<\/strong> 100% Tempranillo<\/li>\n<li><strong>Weinberg:<\/strong> Finca \u201cLa Zapatera\u201d, Galilea (La Rioja)<\/li>\n<li><strong>H\u00f6he:<\/strong> 530 m<\/li>\n<li><strong>Bodenart:<\/strong> Lehmig-schluffig<\/li>\n<li><strong>Produktion:<\/strong> 2.700 Flaschen<\/li>\n<\/ul>\n<h2>Weinbereitung<\/h2>\n<ul>\n<li>Weinlese: 24. Oktober 2018<\/li>\n<li>G\u00e4rung in Betontanks mit autochthonen Hefen<\/li>\n<li>Arbeit mit Hefe w\u00e4hrend der gesamten Reifung<\/li>\n<li>Ohne Kl\u00e4rung, ohne Filtration und ohne Zusatz von Sulfiten<\/li>\n<\/ul>\n<h2>Aufwachsen<\/h2>\n<ul>\n<li><strong>Fass:<\/strong> 12 Monate in franz\u00f6sischer Eiche (mehrfach verwendet)<\/li>\n<li><strong>Flasche:<\/strong> 6 Monate<\/li>\n<\/ul>\n<p><strong>Alkoholgehalt:<\/strong> 14% Vol<\/p>\n<p><strong>Optimaler Verbrauch:<\/strong> Innerhalb von 10 Jahren nach der Ernte<\/p>\n<h2>Verkostungsnotiz<\/h2>\n<p>Intensive kirschrote Farbe. Blumige und balsamische Aromen mit subtilen Reifungsnoten. Dicht und strukturiert am Gaumen, aber sehr fl\u00fcssig, mit lebhaften Fruchtaromen und w\u00fcrzigen Noten. Runde Tannine, ausgezeichnete Tiefe und ein au\u00dfergew\u00f6hnlich langer Abgang.<\/p>\n<h2>Weinbegleitung<\/h2>\n<p>Ideal zu gegrilltem Fleisch, Barbecue oder gebratenem Schweinefilet mit Saucen, die eine perfekte Verbindung zwischen magerem Fleisch und Fett erm\u00f6glichen.<\/p>\n<p><strong>Serviertemperatur:<\/strong> 10\u201312 \u00b0C<\/p>","protected":false},"excerpt":{"rendered":"<p><span style=\"color: #98653f;\"><em><strong>Mindestbestellmenge: 6 Flaschen.<\/strong><\/em><\/span><\/p>","protected":false},"featured_media":5285,"template":"","meta":[],"product_brand":[],"product_cat":[62,61],"product_tag":[],"class_list":{"0":"post-4424","1":"product","2":"type-product","3":"status-publish","4":"has-post-thumbnail","6":"product_cat-tinto","7":"product_cat-a-veredas","9":"first","10":"instock","11":"featured","12":"shipping-taxable","13":"purchasable","14":"product-type-simple"},"_links":{"self":[{"href":"https:\/\/nestareseguizabal.com\/de\/wp-json\/wp\/v2\/product\/4424","targetHints":{"allow":["GET"]}}],"collection":[{"href":"https:\/\/nestareseguizabal.com\/de\/wp-json\/wp\/v2\/product"}],"about":[{"href":"https:\/\/nestareseguizabal.com\/de\/wp-json\/wp\/v2\/types\/product"}],"wp:featuredmedia":[{"embeddable":true,"href":"https:\/\/nestareseguizabal.com\/de\/wp-json\/wp\/v2\/media\/5285"}],"wp:attachment":[{"href":"https:\/\/nestareseguizabal.com\/de\/wp-json\/wp\/v2\/media?parent=4424"}],"wp:term":[{"taxonomy":"product_brand","embeddable":true,"href":"https:\/\/nestareseguizabal.com\/de\/wp-json\/wp\/v2\/product_brand?post=4424"},{"taxonomy":"product_cat","embeddable":true,"href":"https:\/\/nestareseguizabal.com\/de\/wp-json\/wp\/v2\/product_cat?post=4424"},{"taxonomy":"product_tag","embeddable":true,"href":"https:\/\/nestareseguizabal.com\/de\/wp-json\/wp\/v2\/product_tag?post=4424"}],"curies":[{"name":"wp","href":"https:\/\/api.w.org\/{rel}","templated":true}]}}