{"id":4463,"date":"2021-05-16T15:26:29","date_gmt":"2021-05-16T14:26:29","guid":{"rendered":"https:\/\/nestareseguizabal.com\/?post_type=product&#038;p=4463"},"modified":"2025-12-12T13:55:37","modified_gmt":"2025-12-12T12:55:37","slug":"segares-las-llecas","status":"publish","type":"product","link":"https:\/\/nestareseguizabal.com\/de\/produkt\/segares-las-llecas-2016\/","title":{"rendered":"Segares Las Llecas 2022"},"content":{"rendered":"<p>Segares Las Llecas 2022 ist ein authentischer Ausdruck des Terroirs der Rioja, hergestellt aus ausgew\u00e4hlten Trauben unserer besten Parzellen. Dieser Wein, der 18 Monate lang sorgf\u00e4ltig in franz\u00f6sischen Eichenf\u00e4ssern gereift ist, spiegelt die Komplexit\u00e4t, Eleganz und den Charakter unseres Terroirs wider.<\/p>\n<h2>Technische Informationen<\/h2>\n<ul>\n<li><strong>Rebsorte:<\/strong> 100% Tempranillo (Auswahl aus der Parzelle Las Llecas)<\/li>\n<li><strong>Weinberg:<\/strong> Finca \u201cLas Llecas\u201d, Galilea (La Rioja)<\/li>\n<li><strong>H\u00f6he:<\/strong> 550 m<\/li>\n<li><strong>Boden:<\/strong> Kalkhaltig-lehmig mit Kies<\/li>\n<li><strong>Produktion:<\/strong> Sehr begrenzt \u2013 nummerierte Flaschen<\/li>\n<\/ul>\n<h2>Weinbereitung<\/h2>\n<ul>\n<li>N\u00e4chtliche Handlese, um Frische und S\u00e4ure zu bewahren<\/li>\n<li>Auswahl der Trauben, Entrappung und G\u00e4rung in Edelstahltanks<\/li>\n<li>6 Monate Reifung auf feiner Hefe, mit gelegentlichen Batonages<\/li>\n<li>Ohne aggressive Kl\u00e4rung, minimale Filterung \u2013 maximaler Ausdruck des Weinbergs<\/li>\n<\/ul>\n<h2>Aufwachsen<\/h2>\n<ul>\n<li><strong>Fass:<\/strong> 18 Monate in franz\u00f6sischer Eiche mittlerer Maserung (2. und 3. Verwendung)<\/li>\n<li><strong>In der Flasche gereift:<\/strong> mindestens 12 Monate vor der Markteinf\u00fchrung<\/li>\n<\/ul>\n<h2>Verkostungsnotiz<\/h2>\n<p>Tief rubinrote Farbe mit violetten Reflexen. In der Nase offenbart er eine komplexe Aromapalette: reife schwarze Fr\u00fcchte, Brombeeren, schwarze Pflaumen, gemischt mit Gew\u00fcrzen (schwarzer Pfeffer, Nelken), R\u00f6stnoten von Vanille und dunkler Schokolade und einem mineralischen Hintergrund, der Eleganz verleiht. Am Gaumen ist er kraftvoll, strukturiert und ausgewogen: reife Tannine, seidiger Auftakt, lebhafte S\u00e4ure und ein langer, anhaltender Abgang mit fruchtigen und balsamischen Noten.<\/p>\n<h2>Weinbegleitung<\/h2>\n<p>Ideal zu gegrilltem rotem Fleisch, Lammbraten, Wildgerichten, kr\u00e4ftigen K\u00e4sesorten oder deftigen Wintergerichten.<br \/>\n<strong>Serviertemperatur:<\/strong> 16\u201317 \u00b0C<\/p>","protected":false},"excerpt":{"rendered":"<p><span style=\"color: #98653f;\"><em><strong>Mindestbestellmenge: 6 Flaschen.<\/strong><\/em><\/span><\/p>","protected":false},"featured_media":5282,"template":"","meta":[],"product_brand":[],"product_cat":[68,62],"product_tag":[],"class_list":{"0":"post-4463","1":"product","2":"type-product","3":"status-publish","4":"has-post-thumbnail","6":"product_cat-segares","7":"product_cat-tinto","9":"first","10":"instock","11":"featured","12":"shipping-taxable","13":"purchasable","14":"product-type-simple"},"_links":{"self":[{"href":"https:\/\/nestareseguizabal.com\/de\/wp-json\/wp\/v2\/product\/4463","targetHints":{"allow":["GET"]}}],"collection":[{"href":"https:\/\/nestareseguizabal.com\/de\/wp-json\/wp\/v2\/product"}],"about":[{"href":"https:\/\/nestareseguizabal.com\/de\/wp-json\/wp\/v2\/types\/product"}],"wp:featuredmedia":[{"embeddable":true,"href":"https:\/\/nestareseguizabal.com\/de\/wp-json\/wp\/v2\/media\/5282"}],"wp:attachment":[{"href":"https:\/\/nestareseguizabal.com\/de\/wp-json\/wp\/v2\/media?parent=4463"}],"wp:term":[{"taxonomy":"product_brand","embeddable":true,"href":"https:\/\/nestareseguizabal.com\/de\/wp-json\/wp\/v2\/product_brand?post=4463"},{"taxonomy":"product_cat","embeddable":true,"href":"https:\/\/nestareseguizabal.com\/de\/wp-json\/wp\/v2\/product_cat?post=4463"},{"taxonomy":"product_tag","embeddable":true,"href":"https:\/\/nestareseguizabal.com\/de\/wp-json\/wp\/v2\/product_tag?post=4463"}],"curies":[{"name":"wp","href":"https:\/\/api.w.org\/{rel}","templated":true}]}}