{"id":2,"date":"2020-09-05T01:03:24","date_gmt":"2020-09-05T01:03:24","guid":{"rendered":"https:\/\/xn--bodegasnestareseguizab-n3b.live-website.com\/?page_id=2"},"modified":"2025-12-04T19:39:31","modified_gmt":"2025-12-04T18:39:31","slug":"nuestros-vinedos","status":"publish","type":"page","link":"https:\/\/nestareseguizabal.com\/fr\/nos-vignobles\/","title":{"rendered":"Nos vignobles"},"content":{"rendered":"<div class=\"wpb-content-wrapper\"><section class=\"vc_row wpb_row vc_row-fluid liquid-row-shadowbox-69ff3b5b0c762\"><div class=\"ld-container container\"><div class=\"row ld-row\"><div class=\"wpb_column vc_column_container vc_col-sm-12 liquid-column-69ff3b5b0dc4e\"><div class=\"vc_column-inner\"><div class=\"wpb_wrapper\"   ><div class=\"wpb_wrapper-inner\"><div class=\"vc_empty_space\"   style=\"height: 200px\"><span class=\"vc_empty_space_inner\"><\/span><\/div><\/div><\/div><\/div><\/div><\/div><\/div><\/section><section class=\"vc_row wpb_row vc_row-fluid vc_custom_1764775955969 liquid-row-shadowbox-69ff3b5b0e1d6\"><div class=\"ld-container container\"><div class=\"row ld-row\"><div class=\"wpb_column vc_column_container vc_col-sm-6 liquid-column-69ff3b5b0e58b\"><div class=\"vc_column-inner\"><div class=\"wpb_wrapper\"   ><div class=\"wpb_wrapper-inner\">\n\t<div  class=\"wpb_single_image wpb_content_element vc_align_left  liquid_vc_single_image-69ff3b5b0f577\">\n\t\t\n\t\t<figure class=\"wpb_wrapper vc_figure\">\n\t\t\t<div class=\"vc_single_image-wrapper   vc_box_border_grey\"><img decoding=\"async\" width=\"780\" height=\"520\" src=\"https:\/\/nestareseguizabal.com\/wp-content\/uploads\/2020\/09\/DSC_0746-1024x683.jpg\" class=\"vc_single_image-img attachment-large\" alt=\"\" title=\"DSC_0746\" srcset=\"https:\/\/nestareseguizabal.com\/wp-content\/uploads\/2020\/09\/DSC_0746-scaled-1024x683.jpg 1024w, https:\/\/nestareseguizabal.com\/wp-content\/uploads\/2020\/09\/DSC_0746-300x200.jpg 300w, https:\/\/nestareseguizabal.com\/wp-content\/uploads\/2020\/09\/DSC_0746-scaled-1320x880.jpg 1320w, https:\/\/nestareseguizabal.com\/wp-content\/uploads\/2020\/09\/DSC_0746-scaled-1536x1024.jpg 1536w, https:\/\/nestareseguizabal.com\/wp-content\/uploads\/2020\/09\/DSC_0746-scaled-2048x1366.jpg 2048w, https:\/\/nestareseguizabal.com\/wp-content\/uploads\/2020\/09\/DSC_0746-scaled-450x300.jpg 450w, https:\/\/nestareseguizabal.com\/wp-content\/uploads\/2020\/09\/DSC_0746-scaled-600x400.jpg 600w, https:\/\/nestareseguizabal.com\/wp-content\/uploads\/2020\/09\/DSC_0746-scaled-18x12.jpg 18w\" sizes=\"(max-width: 780px) 100vw, 780px\" \/><\/div>\n\t\t<\/figure>\n\t<\/div>\n<div id=\"ld_images_group_container_69ff3b5b0f739\" class=\"liquid-img-group-container ld_images_group_container_69ff3b5b0f739\"  >\n\t<div class=\"liquid-img-group-inner\">\n\t\t\t\n\t<\/div><!-- \/.liquid-img-group-inner -->\n<\/div><!-- \/.liquid-img-group-container --><\/div><\/div><\/div><\/div><div class=\"wpb_column vc_column_container vc_col-sm-6 liquid-column-69ff3b5b0fb4b\"><div class=\"vc_column-inner\"><div class=\"wpb_wrapper\"   ><div class=\"wpb_wrapper-inner\"><header class=\"fancy-title ld_section_title_69ff3b5b0fd2c\">\n\t<h2 class=\"lined\">VIGNOBLES <i class=\"line\"><\/i><\/h2>\t\t<\/header>\n\t<div class=\"wpb_text_column wpb_content_element\" >\n\t\t<div class=\"wpb_wrapper\">\n\t\t\t<p><em>Depuis le d\u00e9but, nous nous sentons avant tout des vignerons. Dans notre travail dans les vignobles, nous avons toujours aspir\u00e9 \u00e0 obtenir le meilleur fruit, la plus grande r\u00e9compense : des raisins de haute qualit\u00e9 qui soutiendraient notre travail ult\u00e9rieur dans la cave. Le respect de notre environnement, de notre nature, a \u00e9t\u00e9 d\u00e8s le d\u00e9but un objectif prioritaire et une vocation inali\u00e9nable. C'est pourquoi nous avons minimis\u00e9 l'utilisation d'engrais exclusivement naturels et organiques, renonc\u00e9 aux herbicides et recouru \u00e0 des produits phytosanitaires respectueux de l'environnement et adapt\u00e9s \u00e0 l'agriculture \u00e9cologique.<\/em><section class=\"vc_row wpb_row vc_row-fluid liquid-row-shadowbox-69ff3b5b1028e\"><div class=\"ld-container container\"><div class=\"row ld-row\"><\/div><\/div><\/section><div class=\"wpb_column vc_column_container vc_col-sm-12 liquid-column-69ff3b5b10537\"><div class=\"vc_column-inner\"><div class=\"wpb_wrapper\"   ><div class=\"wpb_wrapper-inner\"><\/div><\/div><\/div><\/div>\n\t<div class=\"wpb_text_column wpb_content_element\" >\n\t\t<div class=\"wpb_wrapper\">\n\t\t\t\n\t\t<\/div>\n\t<\/div>\n\n\t\t<\/div>\n\t<\/div>\n<\/div><\/div><\/div><\/div><\/div><\/div><\/section><section class=\"vc_row wpb_row vc_row-fluid liquid-row-shadowbox-69ff3b5b108ee\"><div class=\"ld-container container\"><div class=\"row ld-row\"><div class=\"wpb_column vc_column_container vc_col-sm-12 liquid-column-69ff3b5b10c3f\"><div class=\"vc_column-inner\"><div class=\"wpb_wrapper\"   ><div class=\"wpb_wrapper-inner\"><section class=\"vc_cta3-container\"><div class=\"vc_general vc_do_cta3 vc_cta3 vc_cta3-style-classic vc_cta3-shape-rounded vc_cta3-align-left vc_cta3-color-classic vc_cta3-icon-size-md\"><div class=\"vc_cta3_content-container\"><div class=\"vc_cta3-content\"><header class=\"vc_cta3-content-header\"><\/header><p>L'enthousiasme et l'affection avec lesquels nous avons commenc\u00e9 il y a vingt-cinq ans se sont non seulement maintenus, mais ont \u00e9galement grandi et sont devenus une r\u00e9alit\u00e9 mat\u00e9rielle dans nos vins.<\/p>\n<\/div><\/div><\/div><\/section><\/div><\/div><\/div><\/div><\/div><\/div><\/section><section class=\"vc_row wpb_row vc_row-fluid liquid-row-shadowbox-69ff3b5b11280\"><div class=\"ld-container container\"><div class=\"row ld-row\"><div class=\"wpb_column vc_column_container vc_col-sm-12 liquid-column-69ff3b5b1169b\"><div class=\"vc_column-inner\"><div class=\"wpb_wrapper\"   ><div class=\"wpb_wrapper-inner\"><div class=\"vc_empty_space\"   style=\"height: 32px\"><span class=\"vc_empty_space_inner\"><\/span><\/div><\/div><\/div><\/div><\/div><\/div><\/div><\/section><section class=\"vc_row wpb_row vc_row-fluid vc_custom_1764775972106 liquid-row-shadowbox-69ff3b5b11a32\"><div class=\"ld-container container\"><div class=\"row ld-row\"><div class=\"wpb_column vc_column_container vc_col-sm-12 liquid-column-69ff3b5b11de1\"><div class=\"vc_column-inner\"><div class=\"wpb_wrapper\"   ><div class=\"wpb_wrapper-inner\"><header class=\"fancy-title ld_section_title_69ff3b5b11f68\">\n\t<h2 class=\"lined\">Nos vignobles <i class=\"line\"><\/i><\/h2>\t\t<\/header><div class=\"vc_tta-container\" data-vc-action=\"collapse\"><div class=\"vc_general vc_tta vc_tta-tabs vc_tta-color-white vc_tta-style-modern vc_tta-shape-square vc_tta-spacing-1 vc_tta-tabs-position-top vc_tta-controls-align-left\"><div class=\"vc_tta-tabs-container\"><ul class=\"vc_tta-tabs-list\" role=\"tablist\"><li class=\"vc_tta-tab vc_active\" data-vc-tab role=\"presentation\"><a href=\"#1764873430723-32db79ad-f1a0\" data-vc-tabs data-vc-container=\".vc_tta\" role=\"tab\" aria-selected=\"false\" id=\"tab-1764873430723-32db79ad-f1a0\"><span class=\"vc_tta-title-text\">El Olivar<\/span><\/a><\/li><li class=\"vc_tta-tab\" data-vc-tab role=\"presentation\"><a href=\"#1764873445180-69397a06-d76f\" data-vc-tabs data-vc-container=\".vc_tta\" role=\"tab\" aria-selected=\"false\" id=\"tab-1764873445180-69397a06-d76f\"><span class=\"vc_tta-title-text\">La Croix<\/span><\/a><\/li><li class=\"vc_tta-tab\" data-vc-tab role=\"presentation\"><a href=\"#1764873446098-3dccd0b2-157c\" data-vc-tabs data-vc-container=\".vc_tta\" role=\"tab\" aria-selected=\"false\" id=\"tab-1764873446098-3dccd0b2-157c\"><span class=\"vc_tta-title-text\">Las Llecas de Campana<\/span><\/a><\/li><li class=\"vc_tta-tab\" data-vc-tab role=\"presentation\"><a href=\"#1764873524574-2e0a68d5-f5a3\" data-vc-tabs data-vc-container=\".vc_tta\" role=\"tab\" aria-selected=\"false\" id=\"tab-1764873524574-2e0a68d5-f5a3\"><span class=\"vc_tta-title-text\">Le nouveau<\/span><\/a><\/li><li class=\"vc_tta-tab\" data-vc-tab role=\"presentation\"><a href=\"#1764873537633-18eba047-ac60\" data-vc-tabs data-vc-container=\".vc_tta\" role=\"tab\" aria-selected=\"false\" id=\"tab-1764873537633-18eba047-ac60\"><span class=\"vc_tta-title-text\">Franorias<\/span><\/a><\/li><li class=\"vc_tta-tab\" data-vc-tab role=\"presentation\"><a href=\"#1764873551067-e92813a1-2747\" data-vc-tabs data-vc-container=\".vc_tta\" role=\"tab\" aria-selected=\"false\" id=\"tab-1764873551067-e92813a1-2747\"><span class=\"vc_tta-title-text\">Le cordonnier<\/span><\/a><\/li><\/ul><\/div><div class=\"vc_tta-panels-container\"><div class=\"vc_tta-panels\"><div class=\"vc_tta-panel vc_active\" id=\"1764873430723-32db79ad-f1a0\" data-vc-content=\".vc_tta-panel-body\"><div class=\"vc_tta-panel-heading\"><h4 class=\"vc_tta-panel-title\"><a href=\"#1764873430723-32db79ad-f1a0\" data-vc-accordion data-vc-container=\".vc_tta-container\"><span class=\"vc_tta-title-text\">El Olivar<\/span><\/a><\/h4><\/div><div class=\"vc_tta-panel-body\">\n\t<div class=\"wpb_text_column wpb_content_element\" >\n\t\t<div class=\"wpb_wrapper\">\n\t\t\t<p><em><u>L'OLIVERAIE<\/u><\/em><em>Ann\u00e9e de plantation : 2013. Altitude : 570 m. C\u00e9page : Sauvignon Blanc et Chardonnay. Superficie : 3,00 ha. Rendement moyen : 7000 kg\/ha. Conduite : culture en sec \/ espalier. Sol : Graviers sur matrice argilo-calcaire.<\/em><\/p>\n<p>Remarques : S\u00e9lection de clones \u00e0 faible rendement sur sol profond et bien drain\u00e9.<section class=\"vc_row wpb_row vc_row-fluid liquid-row-shadowbox-69ff3b5b1296c\"><div class=\"ld-container container\"><div class=\"row ld-row\"><\/div><\/div><\/section><div class=\"wpb_column vc_column_container vc_col-sm-12 liquid-column-69ff3b5b12c09\"><div class=\"vc_column-inner\"><div class=\"wpb_wrapper\"   ><div class=\"wpb_wrapper-inner\"><\/div><\/div><\/div><\/div>\n\t<div class=\"wpb_text_column wpb_content_element\" >\n\t\t<div class=\"wpb_wrapper\">\n\t\t\t\n\t\t<\/div>\n\t<\/div>\n\n\t\t<\/div>\n\t<\/div>\n<\/div><\/div><div class=\"vc_tta-panel\" id=\"1764873445180-69397a06-d76f\" data-vc-content=\".vc_tta-panel-body\"><div class=\"vc_tta-panel-heading\"><h4 class=\"vc_tta-panel-title\"><a href=\"#1764873445180-69397a06-d76f\" data-vc-accordion data-vc-container=\".vc_tta-container\"><span class=\"vc_tta-title-text\">La Croix<\/span><\/a><\/h4><\/div><div class=\"vc_tta-panel-body\">\n\t<div class=\"wpb_text_column wpb_content_element\" >\n\t\t<div class=\"wpb_wrapper\">\n\t\t\t<p><em><u>LA CRUZ<\/u>Ann\u00e9e de plantation : 1986. Altitude : 600 m. Vari\u00e9t\u00e9 : Tempranillo. Superficie : 7,00 ha. Rendement moyen : 6500 kg\/ha. Conduite : culture en sec \/ espalier. Sol : Argilo-calcaire.<\/em><\/p>\n<p><em>Observations : Vignoble parfaitement orient\u00e9. Vendanges tr\u00e8s r\u00e9guli\u00e8res et de grande qualit\u00e9.<\/em><\/p>\n\n\t\t<\/div>\n\t<\/div>\n<\/div><\/div><div class=\"vc_tta-panel\" id=\"1764873446098-3dccd0b2-157c\" data-vc-content=\".vc_tta-panel-body\"><div class=\"vc_tta-panel-heading\"><h4 class=\"vc_tta-panel-title\"><a href=\"#1764873446098-3dccd0b2-157c\" data-vc-accordion data-vc-container=\".vc_tta-container\"><span class=\"vc_tta-title-text\">Las Llecas de Campana<\/span><\/a><\/h4><\/div><div class=\"vc_tta-panel-body\">\n\t<div class=\"wpb_text_column wpb_content_element\" >\n\t\t<div class=\"wpb_wrapper\">\n\t\t\t<p><em><u>LES ROCHERS EN FORME DE CLOCHE<\/u>Ann\u00e9e de plantation : 1988. Altitude : 620 m. Vari\u00e9t\u00e9 : Tempranillo. Superficie : 7,50 ha. Rendement moyen : 6500 kg\/ha. Conduite : culture en sec \/ espalier. Sols : irr\u00e9guliers, zones argileuses et limoneuses, le reste \u00e9tant constitu\u00e9 de graviers et de sables pauvres.<\/em><\/p>\n<p><em>Remarques : Le nom vient du fait que jusqu'\u00e0 l'apparition des tracteurs, dans les ann\u00e9es 60, ces terres \u00e9taient des friches, des \u201cllecas\u201d. Vignoble en s\u00e9lection masal, sol peu profond avec beaucoup de cailloux.<\/em><\/p>\n\n\t\t<\/div>\n\t<\/div>\n<\/div><\/div><div class=\"vc_tta-panel\" id=\"1764873524574-2e0a68d5-f5a3\" data-vc-content=\".vc_tta-panel-body\"><div class=\"vc_tta-panel-heading\"><h4 class=\"vc_tta-panel-title\"><a href=\"#1764873524574-2e0a68d5-f5a3\" data-vc-accordion data-vc-container=\".vc_tta-container\"><span class=\"vc_tta-title-text\">Le nouveau<\/span><\/a><\/h4><\/div><div class=\"vc_tta-panel-body\">\n\t<div class=\"wpb_text_column wpb_content_element\" >\n\t\t<div class=\"wpb_wrapper\">\n\t\t\t<p><em><u>LA NOUVELLE<\/u>Ann\u00e9e de plantation : 1989. Altitude : 640 m. Vari\u00e9t\u00e9 : Tempranillo. Superficie : 7,50 ha. Rendement moyen : 6000 kg\/ha. Conduite : culture en sec \/ espalier. Sol : argileux\/calcaire.<\/em><\/p>\n<p><em>Observations : Vignoble avec s\u00e9lection massale \u00e0 faible production. Sol peu profond, d\u00e9sagr\u00e9g\u00e9 et caillouteux.<\/em>.<\/p>\n\n\t\t<\/div>\n\t<\/div>\n<\/div><\/div><div class=\"vc_tta-panel\" id=\"1764873537633-18eba047-ac60\" data-vc-content=\".vc_tta-panel-body\"><div class=\"vc_tta-panel-heading\"><h4 class=\"vc_tta-panel-title\"><a href=\"#1764873537633-18eba047-ac60\" data-vc-accordion data-vc-container=\".vc_tta-container\"><span class=\"vc_tta-title-text\">Franorias<\/span><\/a><\/h4><\/div><div class=\"vc_tta-panel-body\">\n\t<div class=\"wpb_text_column wpb_content_element\" >\n\t\t<div class=\"wpb_wrapper\">\n\t\t\t<p><em><u>FRANORIAS<\/u>Ann\u00e9e de plantation : 2018, Altitude : 530m, Vari\u00e9t\u00e9 : Tempranillo, Surface : 6,5 ha, Rendement moyen : 4500 kg\/ha, Conduite : en sec. Sol : Argilo-limoneux <\/em><\/p>\n<p><em>Observations : Il s'agit d'une fin de vall\u00e9e \u00e0 forte teneur en min\u00e9raux, ce qui donne des vins d'une bonne acidit\u00e9 et d'une bonne concentration.<\/em><section class=\"vc_row wpb_row vc_row-fluid liquid-row-shadowbox-69ff3b5b139d9\"><div class=\"ld-container container\"><div class=\"row ld-row\"><\/div><\/div><\/section><div class=\"wpb_column vc_column_container vc_col-sm-12 liquid-column-69ff3b5b13c64\"><div class=\"vc_column-inner\"><div class=\"wpb_wrapper\"   ><div class=\"wpb_wrapper-inner\"><\/div><\/div><\/div><\/div>\n\t<div class=\"wpb_text_column wpb_content_element\" >\n\t\t<div class=\"wpb_wrapper\">\n\t\t\t\n\t\t<\/div>\n\t<\/div>\n\n\t\t<\/div>\n\t<\/div>\n<\/div><\/div><div class=\"vc_tta-panel\" id=\"1764873551067-e92813a1-2747\" data-vc-content=\".vc_tta-panel-body\"><div class=\"vc_tta-panel-heading\"><h4 class=\"vc_tta-panel-title\"><a href=\"#1764873551067-e92813a1-2747\" data-vc-accordion data-vc-container=\".vc_tta-container\"><span class=\"vc_tta-title-text\">Le cordonnier<\/span><\/a><\/h4><\/div><div class=\"vc_tta-panel-body\">\n\t<div class=\"wpb_text_column wpb_content_element\" >\n\t\t<div class=\"wpb_wrapper\">\n\t\t\t<p><em><u>LA ZAPATERA<\/u>Ann\u00e9e de plantation : 1983. Altitude : 530 m. Vari\u00e9t\u00e9 : Tempranillo. Superficie : 4,00 ha. Rendement moyen : 4500 kg\/ha. Conduite : culture en sec \/ espalier. Sol : argileux.<\/em><\/p>\n<p><em>Observations : Vignoble de s\u00e9lection massale sur un sol particuli\u00e8rement pauvre. Ses vendanges courtes permettent d'obtenir des raisins d'une qualit\u00e9 exceptionnelle.<\/em><\/p>\n<style>.tb_button {padding:1px;cursor:pointer;border-right: 1px solid #8b8b8b;border-left: 1px solid #FFF;border-bottom: 1px solid #fff;}.tb_button.hover {borer:2px outset #def; background-color: #f8f8f8 !important;}.ws_toolbar {z-index:100000} .ws_toolbar .ws_tb_btn {cursor:pointer;border:1px solid #555;padding:3px}   .tb_highlight{background-color:yellow} .tb_hide {visibility:hidden} .ws_toolbar img {padding:2px;margin:0px}<\/style>\n\n\t\t<\/div>\n\t<\/div>\n<\/div><\/div><\/div><\/div><\/div><\/div><\/div><\/div><\/div><\/div><\/div><\/div><\/section><section class=\"vc_row wpb_row vc_row-fluid liquid-row-shadowbox-69ff3b5b144e8\"><div class=\"ld-container container\"><div class=\"row ld-row\"><div class=\"wpb_column vc_column_container vc_col-sm-12 liquid-column-69ff3b5b1483c\"><div class=\"vc_column-inner\"><div class=\"wpb_wrapper\"   ><div class=\"wpb_wrapper-inner\"><div class=\"vc_separator wpb_content_element vc_separator_align_center vc_sep_width_100 vc_sep_pos_align_center vc_separator_no_text wpb_content_element  wpb_content_element\" ><span class=\"vc_sep_holder vc_sep_holder_l\"><span class=\"vc_sep_line\"><\/span><\/span><span class=\"vc_sep_holder vc_sep_holder_r\"><span class=\"vc_sep_line\"><\/span><\/span>\n<\/div><\/div><\/div><\/div><\/div><\/div><\/div><\/section><section class=\"vc_row wpb_row vc_row-fluid liquid-row-shadowbox-69ff3b5b14e17\"><div class=\"ld-container container\"><div class=\"row ld-row\"><div class=\"wpb_column vc_column_container vc_col-sm-12 liquid-column-69ff3b5b15145\"><div class=\"vc_column-inner\"><div class=\"wpb_wrapper\"   ><div class=\"wpb_wrapper-inner\">\n\t<div  class=\"wpb_single_image wpb_content_element vc_align_center  liquid_vc_single_image-69ff3b5b15b83\">\n\t\t\n\t\t<figure class=\"wpb_wrapper vc_figure\">\n\t\t\t<div class=\"vc_single_image-wrapper   vc_box_border_grey\"><img decoding=\"async\" width=\"32\" height=\"32\" src=\"https:\/\/nestareseguizabal.com\/wp-content\/uploads\/2020\/09\/fav-cursor1.png\" class=\"vc_single_image-img attachment-thumbnail\" alt=\"\" title=\"curseur-favoris1\" srcset=\"https:\/\/nestareseguizabal.com\/wp-content\/uploads\/2020\/09\/fav-cursor1.png 32w, https:\/\/nestareseguizabal.com\/wp-content\/uploads\/2020\/09\/fav-cursor1-12x12.png 12w\" sizes=\"(max-width: 32px) 100vw, 32px\" \/><\/div>\n\t\t<\/figure>\n\t<\/div>\n<\/div><\/div><\/div><\/div><\/div><\/div><\/section><section class=\"vc_row wpb_row vc_row-fluid liquid-row-shadowbox-69ff3b5b15dee\"><div class=\"ld-container container\"><div class=\"row ld-row\"><div class=\"wpb_column vc_column_container vc_col-sm-12 liquid-column-69ff3b5b16146\"><div class=\"vc_column-inner\"><div class=\"wpb_wrapper\"   ><div class=\"wpb_wrapper-inner\">\n\t<div class=\"wpb_text_column wpb_content_element\" >\n\t\t<div class=\"wpb_wrapper\">\n\t\t\t\n\t\t<\/div>\n\t<\/div>\n<\/div><\/div><\/div><\/div><\/div><\/div><\/section><section class=\"vc_row wpb_row vc_row-fluid liquid-row-shadowbox-69ff3b5b164f9\"><div class=\"ld-container container\"><div class=\"row ld-row\"><div class=\"wpb_column vc_column_container vc_col-sm-12 liquid-column-69ff3b5b1677c\"><div class=\"vc_column-inner\"><div class=\"wpb_wrapper\"   ><div class=\"wpb_wrapper-inner\">\n\t<div class=\"wpb_text_column wpb_content_element\" >\n\t\t<div class=\"wpb_wrapper\">\n\t\t\t<p>\u00a0<\/p>\n\n\t\t<\/div>\n\t<\/div>\n<\/div><\/div><\/div><\/div><\/div><\/div><\/section>\n<\/div>","protected":false},"excerpt":{"rendered":"VIGNOBLE Depuis le d\u00e9but, nous nous sommes avant tout consid\u00e9r\u00e9s comme des viticulteurs. Dans notre travail dans les...","protected":false},"author":1,"featured_media":0,"parent":0,"menu_order":0,"comment_status":"closed","ping_status":"open","template":"","meta":{"footnotes":""},"class_list":["post-2","page","type-page","status-publish","hentry"],"_links":{"self":[{"href":"https:\/\/nestareseguizabal.com\/fr\/wp-json\/wp\/v2\/pages\/2","targetHints":{"allow":["GET"]}}],"collection":[{"href":"https:\/\/nestareseguizabal.com\/fr\/wp-json\/wp\/v2\/pages"}],"about":[{"href":"https:\/\/nestareseguizabal.com\/fr\/wp-json\/wp\/v2\/types\/page"}],"author":[{"embeddable":true,"href":"https:\/\/nestareseguizabal.com\/fr\/wp-json\/wp\/v2\/users\/1"}],"replies":[{"embeddable":true,"href":"https:\/\/nestareseguizabal.com\/fr\/wp-json\/wp\/v2\/comments?post=2"}],"version-history":[{"count":31,"href":"https:\/\/nestareseguizabal.com\/fr\/wp-json\/wp\/v2\/pages\/2\/revisions"}],"predecessor-version":[{"id":5552,"href":"https:\/\/nestareseguizabal.com\/fr\/wp-json\/wp\/v2\/pages\/2\/revisions\/5552"}],"wp:attachment":[{"href":"https:\/\/nestareseguizabal.com\/fr\/wp-json\/wp\/v2\/media?parent=2"}],"curies":[{"name":"wp","href":"https:\/\/api.w.org\/{rel}","templated":true}]}}