{"id":4174,"date":"2020-09-28T01:19:16","date_gmt":"2020-09-28T01:19:16","guid":{"rendered":"https:\/\/nestareseguizabal.com\/aviso-legal"},"modified":"2025-12-02T13:05:09","modified_gmt":"2025-12-02T12:05:09","slug":"aviso-legal","status":"publish","type":"page","link":"https:\/\/nestareseguizabal.com\/fr\/avis-juridique\/","title":{"rendered":"Avis juridique"},"content":{"rendered":"<div class=\"wpb-content-wrapper\"><section class=\"vc_row wpb_row vc_row-fluid liquid-row-shadowbox-6a04bdf0af537\"><div class=\"ld-container container\"><div class=\"row ld-row\"><div class=\"wpb_column vc_column_container vc_col-sm-12 liquid-column-6a04bdf0afa0e\"><div class=\"vc_column-inner\"><div class=\"wpb_wrapper\"   ><div class=\"wpb_wrapper-inner\">\n\t<div class=\"wpb_text_column wpb_content_element\" >\n\t\t<div class=\"wpb_wrapper\">\n\t\t\t<p>Vous vous trouvez dans un espace engag\u00e9 envers les droits de ses utilisateurs et, pour cette raison, vous b\u00e9n\u00e9ficierez d'une transparence et d'une rigueur maximales sur tout ce que vous devez savoir concernant ce site web.<\/p>\n<p>Ce site web respecte rigoureusement la loi organique 3\/2018 du 5 d\u00e9cembre relative \u00e0 la protection des donn\u00e9es personnelles et \u00e0 la garantie des droits num\u00e9riques (LOPDGDD). Il est \u00e9galement conforme au r\u00e8glement (UE) 2016\/679 du Parlement europ\u00e9en et du Conseil du 27 avril 2016 relatif \u00e0 la protection des personnes physiques (RGPD), ainsi qu'\u00e0 la loi 34\/2002 du 11 juillet relative aux services de la soci\u00e9t\u00e9 de l'information et au commerce \u00e9lectronique (LSSICE ou LSSI).<\/p>\n<p>Les services et\/ou produits sont r\u00e9serv\u00e9s aux personnes morales et aux personnes \u00e2g\u00e9es de 16 ans et plus.<\/p>\n\n\t\t<\/div>\n\t<\/div>\n<\/div><\/div><\/div><\/div><\/div><\/div><\/section><section class=\"vc_row wpb_row vc_row-fluid liquid-row-shadowbox-6a04bdf0afd82\"><div class=\"ld-container container\"><div class=\"row ld-row\"><div class=\"wpb_column vc_column_container vc_col-sm-12 liquid-column-6a04bdf0aff82\"><div class=\"vc_column-inner\"><div class=\"wpb_wrapper vc_custom_1764676959648\"   ><div class=\"wpb_wrapper-inner\"><style>.ld_fancy_heading_6a04bdf0b00f7 h2 {margin-bottom:0px !important;  } .ld_fancy_heading_6a04bdf0b00f7 .lqd-highlight-inner{height:0.275em;bottom:0px;}.ld_fancy_heading_6a04bdf0b00f7 h2 {margin-bottom:0px !important;  } <\/style><div class=\"ld-fancy-heading text-uppercase ld_fancy_heading_6a04bdf0b00f7\">\n\t<h2 class=\"lqd-highlight-underline lqd-highlight-grow-left\" data-fittext=\"true\" data-fittext-options='{\"compressor\":0.5,\"maxFontSize\":\"currentFontSize\",\"minFontSize\":\"\"}'><span class=\"ld-fh-txt\"> IDENTIFICATEUR DU RESPONSABLE DU SITE WEB<\/span><\/h2><\/div>\n\t<div class=\"wpb_text_column wpb_content_element\" >\n\t\t<div class=\"wpb_wrapper\">\n\t\t\t<ul>\n<li><strong>Raison sociale<\/strong>: BODEGAS NESTARES EGUIZABAL S.L.<\/li>\n<li><strong>Num\u00e9ro d'identification fiscale<\/strong>: B26278721<\/li>\n<li><strong>Adresse \u00e9lectronique<\/strong>: boedegas@nestareseguizabal.com<\/li>\n<li><strong>Si\u00e8ge social<\/strong>: Rue Alberto Villanueva, 82-84, 26144 Galilea, La Rioja.<\/li>\n<li><strong>Num\u00e9ro d'enregistrement au registre du commerce :\u00a0<\/strong>Inscrit le \u2026<\/li>\n<\/ul>\n\n\t\t<\/div>\n\t<\/div>\n<\/div><\/div><\/div><\/div><\/div><\/div><\/section><section class=\"vc_row wpb_row vc_row-fluid liquid-row-shadowbox-6a04bdf0b04b2\"><div class=\"ld-container container\"><div class=\"row ld-row\"><div class=\"wpb_column vc_column_container vc_col-sm-12 liquid-column-6a04bdf0b0661\"><div class=\"vc_column-inner\"><div class=\"wpb_wrapper vc_custom_1764676969848\"   ><div class=\"wpb_wrapper-inner\"><style>.ld_fancy_heading_6a04bdf0b078e h2 {margin-bottom:0px !important;  } .ld_fancy_heading_6a04bdf0b078e .lqd-highlight-inner{height:0.275em;bottom:0px;}.ld_fancy_heading_6a04bdf0b078e h2 {margin-bottom:0px !important;  } <\/style><div class=\"ld-fancy-heading text-uppercase ld_fancy_heading_6a04bdf0b078e\">\n\t<h2 class=\"lqd-highlight-underline lqd-highlight-grow-left\" data-fittext=\"true\" data-fittext-options='{\"compressor\":0.5,\"maxFontSize\":\"currentFontSize\",\"minFontSize\":\"\"}'><span class=\"ld-fh-txt\"> VOUS VOUS INQUI\u00c9TEZ POUR VOS DONN\u00c9ES PERSONNELLES ?<\/span><\/h2><\/div>\n\t<div class=\"wpb_text_column wpb_content_element\" >\n\t\t<div class=\"wpb_wrapper\">\n\t\t\t<ul>\n<li>Lisez notre\u00a0<a href=\"https:\/\/nestareseguizabal.com\/fr\/politique-de-confidentialite\/\">Politique de confidentialit\u00e9<\/a><\/li>\n<\/ul>\n\n\t\t<\/div>\n\t<\/div>\n<\/div><\/div><\/div><\/div><\/div><\/div><\/section><section class=\"vc_row wpb_row vc_row-fluid liquid-row-shadowbox-6a04bdf0b0a8b\"><div class=\"ld-container container\"><div class=\"row ld-row\"><div class=\"wpb_column vc_column_container vc_col-sm-12 liquid-column-6a04bdf0b0c17\"><div class=\"vc_column-inner\"><div class=\"wpb_wrapper vc_custom_1764676980392\"   ><div class=\"wpb_wrapper-inner\"><style>.ld_fancy_heading_6a04bdf0b0d10 h2 {margin-bottom:0px !important;  } .ld_fancy_heading_6a04bdf0b0d10 .lqd-highlight-inner{height:0.275em;bottom:0px;}.ld_fancy_heading_6a04bdf0b0d10 h2 {margin-bottom:0px !important;  } <\/style><div class=\"ld-fancy-heading text-uppercase ld_fancy_heading_6a04bdf0b0d10\">\n\t<h2 class=\"lqd-highlight-underline lqd-highlight-grow-left\" data-fittext=\"true\" data-fittext-options='{\"compressor\":0.5,\"maxFontSize\":\"currentFontSize\",\"minFontSize\":\"\"}'><span class=\"ld-fh-txt\"> ENGAGEMENT ET OBLIGATIONS ENVERS LES UTILISATEURS<\/span><\/h2><\/div>\n\t<div class=\"wpb_text_column wpb_content_element\" >\n\t\t<div class=\"wpb_wrapper\">\n\t\t\t<p>L'utilisateur est inform\u00e9 et accepte que l'acc\u00e8s au pr\u00e9sent site web n'implique en aucun cas le d\u00e9but d'une relation commerciale avec BODEGAS NESTARES EGUIZABAL. Ainsi, l'utilisateur s'engage \u00e0 utiliser le site web, ses services et ses contenus sans enfreindre la l\u00e9gislation en vigueur, la bonne foi et l'ordre public.<\/p>\n<p>Il est interdit d'utiliser le site web \u00e0 des fins illicites ou pr\u00e9judiciables, ou qui, de quelque mani\u00e8re que ce soit, pourraient causer des dommages ou emp\u00eacher le fonctionnement normal du site web. En ce qui concerne le contenu de ce site web, il est interdit :<\/p>\n<ul>\n<li>Toute reproduction, distribution ou modification, totale ou partielle, est interdite sans mon autorisation en tant que propri\u00e9taire l\u00e9gitime.<\/li>\n<li>Toute violation des droits du prestataire ou de mes droits en tant que propri\u00e9taire l\u00e9gitime.<\/li>\n<li>Son utilisation \u00e0 des fins commerciales ou publicitaires.<\/li>\n<\/ul>\n<p>En utilisant le site web nestareseguizabal.com, l'utilisateur s'engage \u00e0 ne pas adopter un comportement susceptible de nuire \u00e0 l'image, aux int\u00e9r\u00eats et aux droits de BODEGAS NESTARES EGUIZABAL ou de tiers, ou susceptible d'endommager, de rendre inutilisable ou de surcharger le portail nestareseguizabal.com, ou d'emp\u00eacher, de quelque mani\u00e8re que ce soit, l'utilisation normale du site web.<\/p>\n<p>Toutefois, l'utilisateur doit \u00eatre conscient que les mesures de s\u00e9curit\u00e9 des syst\u00e8mes informatiques sur Internet ne sont pas enti\u00e8rement fiables et que, par cons\u00e9quent, nestareseguizabal.com ne peut garantir l'absence de logiciels malveillants ou d'autres \u00e9l\u00e9ments susceptibles de provoquer des alt\u00e9rations dans les syst\u00e8mes informatiques (logiciels et mat\u00e9riel) de l'utilisateur ou dans ses documents \u00e9lectroniques et fichiers contenus dans ceux-ci, bien que je mette en \u0153uvre tous les moyens n\u00e9cessaires et les mesures de s\u00e9curit\u00e9 appropri\u00e9es pour \u00e9viter la pr\u00e9sence de ces \u00e9l\u00e9ments nuisibles.<\/p>\n\n\t\t<\/div>\n\t<\/div>\n<\/div><\/div><\/div><\/div><\/div><\/div><\/section><section class=\"vc_row wpb_row vc_row-fluid liquid-row-shadowbox-6a04bdf0b1004\"><div class=\"ld-container container\"><div class=\"row ld-row\"><div class=\"wpb_column vc_column_container vc_col-sm-12 liquid-column-6a04bdf0b118a\"><div class=\"vc_column-inner\"><div class=\"wpb_wrapper vc_custom_1764677068336\"   ><div class=\"wpb_wrapper-inner\"><style>.ld_fancy_heading_6a04bdf0b127b h2 {margin-bottom:0px !important;  } .ld_fancy_heading_6a04bdf0b127b .lqd-highlight-inner{height:0.275em;bottom:0px;}.ld_fancy_heading_6a04bdf0b127b h2 {margin-bottom:0px !important;  } <\/style><div class=\"ld-fancy-heading text-uppercase ld_fancy_heading_6a04bdf0b127b\">\n\t<h2 class=\"lqd-highlight-underline lqd-highlight-grow-left\" data-fittext=\"true\" data-fittext-options='{\"compressor\":0.5,\"maxFontSize\":\"currentFontSize\",\"minFontSize\":\"\"}'><span class=\"ld-fh-txt\"> MESURES DE S\u00c9CURIT\u00c9<\/span><\/h2><\/div>\n\t<div class=\"wpb_text_column wpb_content_element\" >\n\t\t<div class=\"wpb_wrapper\">\n\t\t\t<p>Les donn\u00e9es personnelles communiqu\u00e9es par l'utilisateur \u00e0 BODEGAS NESTARES EGUIZABAL peuvent \u00eatre stock\u00e9es dans des bases de donn\u00e9es automatis\u00e9es ou non, dont la propri\u00e9t\u00e9 appartient exclusivement \u00e0 BODEGAS NESTARES EGUIZABAL S.L., qui assume toutes les mesures techniques, organisationnelles et de s\u00e9curit\u00e9 garantissant la confidentialit\u00e9, int\u00e9grit\u00e9 et la qualit\u00e9 des informations qu'elles contiennent, conform\u00e9ment aux dispositions de la r\u00e9glementation en vigueur en mati\u00e8re de protection des donn\u00e9es.<\/p>\n<p>La communication entre les utilisateurs et nestareseguizabal.com utilise un canal s\u00e9curis\u00e9, et les donn\u00e9es transmises sont crypt\u00e9es gr\u00e2ce \u00e0 des protocoles https. Je garantis donc les meilleures conditions de s\u00e9curit\u00e9 afin que la confidentialit\u00e9 des utilisateurs soit assur\u00e9e.<\/p>\n\n\t\t<\/div>\n\t<\/div>\n<\/div><\/div><\/div><\/div><\/div><\/div><\/section><section class=\"vc_row wpb_row vc_row-fluid liquid-row-shadowbox-6a04bdf0b151c\"><div class=\"ld-container container\"><div class=\"row ld-row\"><div class=\"wpb_column vc_column_container vc_col-sm-12 liquid-column-6a04bdf0b16ba\"><div class=\"vc_column-inner\"><div class=\"wpb_wrapper vc_custom_1764677074833\"   ><div class=\"wpb_wrapper-inner\"><style>.ld_fancy_heading_6a04bdf0b17ae h2 {margin-bottom:0px !important;  } .ld_fancy_heading_6a04bdf0b17ae .lqd-highlight-inner{height:0.275em;bottom:0px;}.ld_fancy_heading_6a04bdf0b17ae h2 {margin-bottom:0px !important;  } <\/style><div class=\"ld-fancy-heading text-uppercase ld_fancy_heading_6a04bdf0b17ae\">\n\t<h2 class=\"lqd-highlight-underline lqd-highlight-grow-left\" data-fittext=\"true\" data-fittext-options='{\"compressor\":0.5,\"maxFontSize\":\"currentFontSize\",\"minFontSize\":\"\"}'><span class=\"ld-fh-txt\"> PLATEFORME DE R\u00c9SOLUTION DES CONFLITS<\/span><\/h2><\/div>\n\t<div class=\"wpb_text_column wpb_content_element\" >\n\t\t<div class=\"wpb_wrapper\">\n\t\t\t<p>Je mets \u00e9galement \u00e0 la disposition des utilisateurs la plateforme de r\u00e9solution des litiges mise en place par la Commission europ\u00e9enne, accessible via le lien suivant :\u00a0\u00a0<a href=\"https:\/\/ec.europa.eu\/consumers\/odr\/\" target=\"_blank\" rel=\"noopener nofollow\"><em>http:\/\/ec.europa.eu\/consumers\/odr\/<\/em><\/a><\/p>\n\n\t\t<\/div>\n\t<\/div>\n<\/div><\/div><\/div><\/div><\/div><\/div><\/section><section class=\"vc_row wpb_row vc_row-fluid liquid-row-shadowbox-6a04bdf0b1a54\"><div class=\"ld-container container\"><div class=\"row ld-row\"><div class=\"wpb_column vc_column_container vc_col-sm-12 liquid-column-6a04bdf0b1be3\"><div class=\"vc_column-inner\"><div class=\"wpb_wrapper vc_custom_1764677083354\"   ><div class=\"wpb_wrapper-inner\"><style>.ld_fancy_heading_6a04bdf0b1cd9 h2 {margin-bottom:0px !important;  } .ld_fancy_heading_6a04bdf0b1cd9 .lqd-highlight-inner{height:0.275em;bottom:0px;}.ld_fancy_heading_6a04bdf0b1cd9 h2 {margin-bottom:0px !important;  } <\/style><div class=\"ld-fancy-heading text-uppercase ld_fancy_heading_6a04bdf0b1cd9\">\n\t<h2 class=\"lqd-highlight-underline lqd-highlight-grow-left\" data-fittext=\"true\" data-fittext-options='{\"compressor\":0.5,\"maxFontSize\":\"currentFontSize\",\"minFontSize\":\"\"}'><span class=\"ld-fh-txt\"> EXCLUSION DE GARANTIES ET RESPONSABILIT\u00c9S<\/span><\/h2><\/div>\n\t<div class=\"wpb_text_column wpb_content_element\" >\n\t\t<div class=\"wpb_wrapper\">\n\t\t\t<p>BODEGAS NESTARES EGUIZABAL n'accorde aucune garantie et ne peut en aucun cas \u00eatre tenu responsable des dommages et pr\u00e9judices de quelque nature que ce soit pouvant r\u00e9sulter :<\/p>\n<ul>\n<li>Le manque de disponibilit\u00e9, la maintenance et le bon fonctionnement du site web, ou de ses services et contenus.<\/li>\n<li>La pr\u00e9sence de logiciels malveillants ou nuisibles dans les contenus.<\/li>\n<li>Toute utilisation illicite, n\u00e9gligente, frauduleuse ou contraire au pr\u00e9sent avis l\u00e9gal.<\/li>\n<li>Le manque de l\u00e9galit\u00e9, de qualit\u00e9, de fiabilit\u00e9, d'utilit\u00e9 et de disponibilit\u00e9 des services fournis par des tiers et mis \u00e0 la disposition des utilisateurs sur le site web.<\/li>\n<li>Le prestataire d\u00e9cline toute responsabilit\u00e9 quant aux dommages pouvant r\u00e9sulter d'une utilisation ill\u00e9gale ou abusive du pr\u00e9sent site web.<\/li>\n<\/ul>\n\n\t\t<\/div>\n\t<\/div>\n<\/div><\/div><\/div><\/div><\/div><\/div><\/section><section class=\"vc_row wpb_row vc_row-fluid liquid-row-shadowbox-6a04bdf0b1f85\"><div class=\"ld-container container\"><div class=\"row ld-row\"><div class=\"wpb_column vc_column_container vc_col-sm-12 liquid-column-6a04bdf0b2100\"><div class=\"vc_column-inner\"><div class=\"wpb_wrapper vc_custom_1764677090791\"   ><div class=\"wpb_wrapper-inner\"><style>.ld_fancy_heading_6a04bdf0b21f0 h2 {margin-bottom:0px !important;  } .ld_fancy_heading_6a04bdf0b21f0 .lqd-highlight-inner{height:0.275em;bottom:0px;}.ld_fancy_heading_6a04bdf0b21f0 h2 {margin-bottom:0px !important;  } <\/style><div class=\"ld-fancy-heading text-uppercase ld_fancy_heading_6a04bdf0b21f0\">\n\t<h2 class=\"lqd-highlight-underline lqd-highlight-grow-left\" data-fittext=\"true\" data-fittext-options='{\"compressor\":0.5,\"maxFontSize\":\"currentFontSize\",\"minFontSize\":\"\"}'><span class=\"ld-fh-txt\"> LOI APPLICABLE ET JURIDICTION<\/span><\/h2><\/div>\n\t<div class=\"wpb_text_column wpb_content_element\" >\n\t\t<div class=\"wpb_wrapper\">\n\t\t\t<p>De mani\u00e8re g\u00e9n\u00e9rale, les relations entre BODEGAS NESTARES EGUIZABAL et les utilisateurs de ses services t\u00e9l\u00e9matiques, pr\u00e9sents sur ce site web, sont soumises \u00e0 la l\u00e9gislation et \u00e0 la juridiction espagnoles et aux tribunaux de La Rioja.<\/p>\n<p>Si un utilisateur a des questions concernant les pr\u00e9sentes conditions l\u00e9gales ou des commentaires \u00e0 formuler sur le portail nestareseguizabal.com, il est pri\u00e9 de s'adresser \u00e0 bodegas@nestareseguizabal.com.<\/p>\n<p>La mention l\u00e9gale a \u00e9t\u00e9 mise \u00e0 jour pour la derni\u00e8re fois le 30\/09\/2021.<\/p>\n\n\t\t<\/div>\n\t<\/div>\n<\/div><\/div><\/div><\/div><\/div><\/div><\/section>\n<\/div>","protected":false},"excerpt":{"rendered":"Vous \u00eates dans un espace engag\u00e9 envers les droits de ses utilisateurs et c'est pourquoi...","protected":false},"author":1,"featured_media":0,"parent":0,"menu_order":0,"comment_status":"closed","ping_status":"closed","template":"","meta":{"footnotes":""},"class_list":["post-4174","page","type-page","status-publish","hentry"],"_links":{"self":[{"href":"https:\/\/nestareseguizabal.com\/fr\/wp-json\/wp\/v2\/pages\/4174","targetHints":{"allow":["GET"]}}],"collection":[{"href":"https:\/\/nestareseguizabal.com\/fr\/wp-json\/wp\/v2\/pages"}],"about":[{"href":"https:\/\/nestareseguizabal.com\/fr\/wp-json\/wp\/v2\/types\/page"}],"author":[{"embeddable":true,"href":"https:\/\/nestareseguizabal.com\/fr\/wp-json\/wp\/v2\/users\/1"}],"replies":[{"embeddable":true,"href":"https:\/\/nestareseguizabal.com\/fr\/wp-json\/wp\/v2\/comments?post=4174"}],"version-history":[{"count":4,"href":"https:\/\/nestareseguizabal.com\/fr\/wp-json\/wp\/v2\/pages\/4174\/revisions"}],"predecessor-version":[{"id":5490,"href":"https:\/\/nestareseguizabal.com\/fr\/wp-json\/wp\/v2\/pages\/4174\/revisions\/5490"}],"wp:attachment":[{"href":"https:\/\/nestareseguizabal.com\/fr\/wp-json\/wp\/v2\/media?parent=4174"}],"curies":[{"name":"wp","href":"https:\/\/api.w.org\/{rel}","templated":true}]}}