{"id":4624,"date":"2021-08-16T06:29:40","date_gmt":"2021-08-16T05:29:40","guid":{"rendered":"https:\/\/nestareseguizabal.com\/?post_type=product&#038;p=4624"},"modified":"2025-12-05T09:42:28","modified_gmt":"2025-12-05T08:42:28","slug":"caja-personalizada","status":"publish","type":"product","link":"https:\/\/nestareseguizabal.com\/fr\/produit\/boite-personnalisee\/","title":{"rendered":"Bo\u00eete personnalis\u00e9e"},"content":{"rendered":"","protected":false},"excerpt":{"rendered":"<p>Choisissez vos 6 vins pr\u00e9f\u00e9r\u00e9s et cr\u00e9ez votre propre coffret personnalis\u00e9.<\/p>","protected":false},"featured_media":5277,"template":"","meta":[],"product_brand":[],"product_cat":[88],"product_tag":[],"class_list":{"0":"post-4624","1":"product","2":"type-product","3":"status-publish","4":"has-post-thumbnail","6":"product_cat-caja-variada","8":"first","9":"instock","10":"featured","11":"shipping-taxable","12":"purchasable","13":"product-type-mix-and-match"},"_links":{"self":[{"href":"https:\/\/nestareseguizabal.com\/fr\/wp-json\/wp\/v2\/product\/4624","targetHints":{"allow":["GET"]}}],"collection":[{"href":"https:\/\/nestareseguizabal.com\/fr\/wp-json\/wp\/v2\/product"}],"about":[{"href":"https:\/\/nestareseguizabal.com\/fr\/wp-json\/wp\/v2\/types\/product"}],"wp:featuredmedia":[{"embeddable":true,"href":"https:\/\/nestareseguizabal.com\/fr\/wp-json\/wp\/v2\/media\/5277"}],"wp:attachment":[{"href":"https:\/\/nestareseguizabal.com\/fr\/wp-json\/wp\/v2\/media?parent=4624"}],"wp:term":[{"taxonomy":"product_brand","embeddable":true,"href":"https:\/\/nestareseguizabal.com\/fr\/wp-json\/wp\/v2\/product_brand?post=4624"},{"taxonomy":"product_cat","embeddable":true,"href":"https:\/\/nestareseguizabal.com\/fr\/wp-json\/wp\/v2\/product_cat?post=4624"},{"taxonomy":"product_tag","embeddable":true,"href":"https:\/\/nestareseguizabal.com\/fr\/wp-json\/wp\/v2\/product_tag?post=4624"}],"curies":[{"name":"wp","href":"https:\/\/api.w.org\/{rel}","templated":true}]}}